{"id":2935,"date":"2023-05-09T10:38:01","date_gmt":"2023-05-09T10:38:01","guid":{"rendered":"https:\/\/mireia.devel8.com\/politica-de-privacidad\/"},"modified":"2023-08-03T11:34:53","modified_gmt":"2023-08-03T11:34:53","slug":"politica-de-privacitat","status":"publish","type":"page","link":"https:\/\/mireiavilaseca.com\/ca\/politica-de-privacitat\/","title":{"rendered":"Pol\u00edtica de Privacitat"},"content":{"rendered":"\n<h1 class=\"wp-block-heading\">Pol\u00edtica de Privacitat<\/h1>\n\n\n\n<p>Mireia Vilaseca Fern\u00e1ndez, titular d&#8217;aquest lloc web i d&#8217;ara endavant \u2018Mireia Vilaseca\u2019, informa els usuaris del lloc web sobre la seva pol\u00edtica respecte del tractament i protecci\u00f3 de les dades de car\u00e0cter personal dels usuaris i clients que puguin ser recaptats per la navegaci\u00f3 o contractaci\u00f3 de serveis a trav\u00e9s del seu lloc web.<\/p>\n\n\n\n<p>En aquest sentit, Mireia Vilaseca garanteix el compliment de la normativa vigent en mat\u00e8ria de protecci\u00f3 de dades personals, reflectida en la Llei org\u00e0nica 15\/1999 de 13 de desembre, de Protecci\u00f3 de Dades de Car\u00e0cter Personal i en el Reial decret 1720\/2007, de 21 desembre, pel qual s&#8217;aprova el Reglament de Desenvolupament de la&nbsp;LOPD. L&#8217;\u00fas d&#8217;aquesta web implica l&#8217;acceptaci\u00f3 d&#8217;aquesta pol\u00edtica de privacitat.<\/p>\n\n\n\n<p><strong>Recollida, finalitat i tractaments de dades<\/strong><\/p>\n\n\n\n<p>Mireia Vilaseca t\u00e9 el deure d&#8217;informar els usuaris del seu lloc web sobre la recollida de dades de car\u00e0cter personal que poden dur-se a terme, b\u00e9 sigui mitjan\u00e7ant l&#8217;enviament de correu electr\u00f2nic o en emplenar els formularis inclosos en el lloc web. En aquest sentit, Mireia Vilaseca ser\u00e0 considerada com a responsable de les dades recaptades mitjan\u00e7ant els mitjans anteriorment descrits.<\/p>\n\n\n\n<p>Al seu torn Mireia Vilaseca informa els usuaris que la finalitat del tractament de les dades recaptades contempla: L&#8217;atenci\u00f3 de sol\u00b7licituds realitzades pels usuaris, la inclusi\u00f3 en l&#8217;agenda de contactes, la prestaci\u00f3 de serveis i la gesti\u00f3 de la relaci\u00f3 comercial.<\/p>\n\n\n\n<p>Les operacions, gestions i procediments t\u00e8cnics que es realitzin de manera automatitzada o no automatitzada i que possibilitin la recollida, l&#8217;emmagatzematge, la modificaci\u00f3, la transfer\u00e8ncia i altres accions sobre dades de car\u00e0cter personal, tenen la consideraci\u00f3 de tractament de dades personals.<\/p>\n\n\n\n<p>Totes les dades personals, que siguin recollits a trav\u00e9s del lloc web de Mireia Vilaseca, i per tant tingui la consideraci\u00f3 de tractament de dades de car\u00e0cter personal, seran incorporats en els fitxers declarats davant l&#8217;Ag\u00e8ncia Espanyola de Protecci\u00f3 de Dades per Mireia Vilaseca.<\/p>\n\n\n\n<p><strong>Comunicaci\u00f3 d&#8217;informaci\u00f3 a tercers<\/strong><\/p>\n\n\n\n<p>Mireia Vilaseca informa els usuaris que les seves dades personals no seran cedits a terceres organitzacions, amb l&#8217;excepci\u00f3 que aquesta cessi\u00f3 de dades aquest emparada en una obligaci\u00f3 legal o quan la prestaci\u00f3 d&#8217;un servei impliqui la necessitat d&#8217;una relaci\u00f3 contractual amb un encarregat de tractament. En aquest \u00faltim cas, nom\u00e9s es dur\u00e0 a terme la cessi\u00f3 de dades al tercer quan Mireia Vilaseca disposi del consentiment expr\u00e9s de l&#8217;usuari.<\/p>\n\n\n\n<p><strong>Drets dels usuaris<\/strong><\/p>\n\n\n\n<p>La Llei org\u00e0nica 15\/1999, de 13 de desembre, de Protecci\u00f3 de Dades de Car\u00e0cter Personal concedeix als interessats la possibilitat d&#8217;exercir una s\u00e8rie de drets relacionats amb el tractament de les seves dades personals.<\/p>\n\n\n\n<p>Mentre les dades de l&#8217;usuari s\u00f3n objecte de tractament per part de Mireia Vilaseca. Els usuaris podran exercir els drets d&#8217;acc\u00e9s, rectificaci\u00f3, cancel\u00b7laci\u00f3 i oposici\u00f3 d&#8217;acord amb el que es preveu en la normativa legal vigent en mat\u00e8ria de protecci\u00f3 de dades personals.<\/p>\n\n\n\n<p>Per a fer \u00fas de l&#8217;exercici d&#8217;aquests drets, l&#8217;usuari haur\u00e0 de dirigir-se mitjan\u00e7ant comunicaci\u00f3 escrita, aportant documentaci\u00f3 que acrediti la seva identitat (DNI o passaport), ala seg\u00fcent adre\u00e7a: Mireia Vilaseca, Carrer Sant Llu\u00eds 66, 2n, 08224 Terrassa o l&#8217;adre\u00e7a que sigui substitu\u00efda en el Registre General de Protecci\u00f3 de Dades. Aquesta comunicaci\u00f3 haur\u00e0 de reflectir la seg\u00fcent informaci\u00f3: Nom i cognoms de l&#8217;usuari, la petici\u00f3 de sol\u00b7licitud, el domicili i les dades acreditatives.<\/p>\n\n\n\n<p>L&#8217;exercici de drets haur\u00e0 de ser realitzat pel propi usuari. No obstant aix\u00f2, podran ser executats per una persona autoritzada com a representant legal de l&#8217;autoritzat. En tal cas, s&#8217;haur\u00e0 d&#8217;aportar la documentaci\u00f3 que acrediti aquesta representaci\u00f3 de l&#8217;interessat.<\/p>\n","protected":false},"excerpt":{"rendered":"<p>Pol\u00edtica de Privacitat Mireia Vilaseca Fern\u00e1ndez, titular d&#8217;aquest lloc web i d&#8217;ara endavant \u2018Mireia Vilaseca\u2019, informa els usuaris del lloc web sobre la seva pol\u00edtica respecte del tractament i protecci\u00f3 de les dades de car\u00e0cter personal dels usuaris i clients que puguin ser recaptats per la navegaci\u00f3 o contractaci\u00f3 de serveis a trav\u00e9s del seu lloc web. En aquest sentit,&hellip;<\/p>\n","protected":false},"author":1,"featured_media":0,"parent":0,"menu_order":0,"comment_status":"closed","ping_status":"closed","template":"","meta":{"footnotes":""},"class_list":["post-2935","page","type-page","status-publish","hentry"],"yoast_head":"<!-- This site is optimized with the Yoast SEO plugin v22.6 - https:\/\/yoast.com\/wordpress\/plugins\/seo\/ -->\n<title>Pol\u00edtica de Privacitat<\/title>\n<meta name=\"description\" content=\"Pol\u00edtica de Privacitat\" \/>\n<meta name=\"robots\" content=\"noindex, follow\" \/>\n<meta property=\"og:locale\" content=\"ca_ES\" \/>\n<meta property=\"og:type\" content=\"article\" \/>\n<meta property=\"og:title\" content=\"Pol\u00edtica de Privacitat\" \/>\n<meta property=\"og:description\" content=\"Pol\u00edtica de Privacitat\" \/>\n<meta property=\"og:url\" content=\"https:\/\/mireiavilaseca.com\/politica-de-privacidad\/\" \/>\n<meta property=\"og:site_name\" content=\"Mireia\" \/>\n<meta property=\"article:publisher\" content=\"https:\/\/www.facebook.com\/centromireiavilasecafernandez\" \/>\n<meta property=\"article:modified_time\" content=\"2023-08-03T11:34:53+00:00\" \/>\n<meta property=\"og:image\" content=\"https:\/\/mireiavilaseca.com\/wp-content\/uploads\/2023\/06\/foto_mireia-768x1024.jpg\" \/>\n\t<meta property=\"og:image:width\" content=\"768\" \/>\n\t<meta property=\"og:image:height\" content=\"1024\" \/>\n\t<meta property=\"og:image:type\" content=\"image\/jpeg\" \/>\n<meta name=\"twitter:card\" content=\"summary_large_image\" \/>\n<meta name=\"twitter:label1\" content=\"Temps estimat de lectura\" \/>\n\t<meta name=\"twitter:data1\" content=\"3 minuts\" \/>\n<script type=\"application\/ld+json\" class=\"yoast-schema-graph\">{\"@context\":\"https:\/\/schema.org\",\"@graph\":[{\"@type\":\"WebPage\",\"@id\":\"https:\/\/mireiavilaseca.com\/politica-de-privacidad\/\",\"url\":\"https:\/\/mireiavilaseca.com\/politica-de-privacidad\/\",\"name\":\"Pol\u00edtica de Privacitat\",\"isPartOf\":{\"@id\":\"https:\/\/mireiavilaseca.com\/#website\"},\"datePublished\":\"2023-05-09T10:38:01+00:00\",\"dateModified\":\"2023-08-03T11:34:53+00:00\",\"description\":\"Pol\u00edtica de Privacitat\",\"breadcrumb\":{\"@id\":\"https:\/\/mireiavilaseca.com\/politica-de-privacidad\/#breadcrumb\"},\"inLanguage\":\"ca\",\"potentialAction\":[{\"@type\":\"ReadAction\",\"target\":[\"https:\/\/mireiavilaseca.com\/politica-de-privacidad\/\"]}]},{\"@type\":\"BreadcrumbList\",\"@id\":\"https:\/\/mireiavilaseca.com\/politica-de-privacidad\/#breadcrumb\",\"itemListElement\":[{\"@type\":\"ListItem\",\"position\":1,\"name\":\"Portada\",\"item\":\"https:\/\/mireiavilaseca.com\/ca\/\"},{\"@type\":\"ListItem\",\"position\":2,\"name\":\"Pol\u00edtica de Privacitat\"}]},{\"@type\":\"WebSite\",\"@id\":\"https:\/\/mireiavilaseca.com\/#website\",\"url\":\"https:\/\/mireiavilaseca.com\/\",\"name\":\"Mireia Vilaseca\",\"description\":\"Mireia Vilaseca\",\"publisher\":{\"@id\":\"https:\/\/mireiavilaseca.com\/#organization\"},\"potentialAction\":[{\"@type\":\"SearchAction\",\"target\":{\"@type\":\"EntryPoint\",\"urlTemplate\":\"https:\/\/mireiavilaseca.com\/?s={search_term_string}\"},\"query-input\":\"required name=search_term_string\"}],\"inLanguage\":\"ca\"},{\"@type\":\"Organization\",\"@id\":\"https:\/\/mireiavilaseca.com\/#organization\",\"name\":\"Mireia Vilaseca\",\"url\":\"https:\/\/mireiavilaseca.com\/\",\"logo\":{\"@type\":\"ImageObject\",\"inLanguage\":\"ca\",\"@id\":\"https:\/\/mireiavilaseca.com\/#\/schema\/logo\/image\/\",\"url\":\"https:\/\/mireiavilaseca.com\/wp-content\/uploads\/2022\/03\/cropped-Mireia-Vilaseca-01.png\",\"contentUrl\":\"https:\/\/mireiavilaseca.com\/wp-content\/uploads\/2022\/03\/cropped-Mireia-Vilaseca-01.png\",\"width\":2434,\"height\":605,\"caption\":\"Mireia Vilaseca\"},\"image\":{\"@id\":\"https:\/\/mireiavilaseca.com\/#\/schema\/logo\/image\/\"},\"sameAs\":[\"https:\/\/www.facebook.com\/centromireiavilasecafernandez\",\"https:\/\/www.instagram.com\/mireia.vilaseca\/\"]}]}<\/script>\n<!-- \/ Yoast SEO plugin. -->","yoast_head_json":{"title":"Pol\u00edtica de Privacitat","description":"Pol\u00edtica de Privacitat","robots":{"index":"noindex","follow":"follow"},"og_locale":"ca_ES","og_type":"article","og_title":"Pol\u00edtica de Privacitat","og_description":"Pol\u00edtica de Privacitat","og_url":"https:\/\/mireiavilaseca.com\/politica-de-privacidad\/","og_site_name":"Mireia","article_publisher":"https:\/\/www.facebook.com\/centromireiavilasecafernandez","article_modified_time":"2023-08-03T11:34:53+00:00","og_image":[{"width":768,"height":1024,"url":"https:\/\/mireiavilaseca.com\/wp-content\/uploads\/2023\/06\/foto_mireia-768x1024.jpg","type":"image\/jpeg"}],"twitter_card":"summary_large_image","twitter_misc":{"Temps estimat de lectura":"3 minuts"},"schema":{"@context":"https:\/\/schema.org","@graph":[{"@type":"WebPage","@id":"https:\/\/mireiavilaseca.com\/politica-de-privacidad\/","url":"https:\/\/mireiavilaseca.com\/politica-de-privacidad\/","name":"Pol\u00edtica de Privacitat","isPartOf":{"@id":"https:\/\/mireiavilaseca.com\/#website"},"datePublished":"2023-05-09T10:38:01+00:00","dateModified":"2023-08-03T11:34:53+00:00","description":"Pol\u00edtica de Privacitat","breadcrumb":{"@id":"https:\/\/mireiavilaseca.com\/politica-de-privacidad\/#breadcrumb"},"inLanguage":"ca","potentialAction":[{"@type":"ReadAction","target":["https:\/\/mireiavilaseca.com\/politica-de-privacidad\/"]}]},{"@type":"BreadcrumbList","@id":"https:\/\/mireiavilaseca.com\/politica-de-privacidad\/#breadcrumb","itemListElement":[{"@type":"ListItem","position":1,"name":"Portada","item":"https:\/\/mireiavilaseca.com\/ca\/"},{"@type":"ListItem","position":2,"name":"Pol\u00edtica de Privacitat"}]},{"@type":"WebSite","@id":"https:\/\/mireiavilaseca.com\/#website","url":"https:\/\/mireiavilaseca.com\/","name":"Mireia Vilaseca","description":"Mireia Vilaseca","publisher":{"@id":"https:\/\/mireiavilaseca.com\/#organization"},"potentialAction":[{"@type":"SearchAction","target":{"@type":"EntryPoint","urlTemplate":"https:\/\/mireiavilaseca.com\/?s={search_term_string}"},"query-input":"required name=search_term_string"}],"inLanguage":"ca"},{"@type":"Organization","@id":"https:\/\/mireiavilaseca.com\/#organization","name":"Mireia Vilaseca","url":"https:\/\/mireiavilaseca.com\/","logo":{"@type":"ImageObject","inLanguage":"ca","@id":"https:\/\/mireiavilaseca.com\/#\/schema\/logo\/image\/","url":"https:\/\/mireiavilaseca.com\/wp-content\/uploads\/2022\/03\/cropped-Mireia-Vilaseca-01.png","contentUrl":"https:\/\/mireiavilaseca.com\/wp-content\/uploads\/2022\/03\/cropped-Mireia-Vilaseca-01.png","width":2434,"height":605,"caption":"Mireia Vilaseca"},"image":{"@id":"https:\/\/mireiavilaseca.com\/#\/schema\/logo\/image\/"},"sameAs":["https:\/\/www.facebook.com\/centromireiavilasecafernandez","https:\/\/www.instagram.com\/mireia.vilaseca\/"]}]}},"_links":{"self":[{"href":"https:\/\/mireiavilaseca.com\/ca\/wp-json\/wp\/v2\/pages\/2935","targetHints":{"allow":["GET"]}}],"collection":[{"href":"https:\/\/mireiavilaseca.com\/ca\/wp-json\/wp\/v2\/pages"}],"about":[{"href":"https:\/\/mireiavilaseca.com\/ca\/wp-json\/wp\/v2\/types\/page"}],"author":[{"embeddable":true,"href":"https:\/\/mireiavilaseca.com\/ca\/wp-json\/wp\/v2\/users\/1"}],"replies":[{"embeddable":true,"href":"https:\/\/mireiavilaseca.com\/ca\/wp-json\/wp\/v2\/comments?post=2935"}],"version-history":[{"count":1,"href":"https:\/\/mireiavilaseca.com\/ca\/wp-json\/wp\/v2\/pages\/2935\/revisions"}],"predecessor-version":[{"id":2941,"href":"https:\/\/mireiavilaseca.com\/ca\/wp-json\/wp\/v2\/pages\/2935\/revisions\/2941"}],"wp:attachment":[{"href":"https:\/\/mireiavilaseca.com\/ca\/wp-json\/wp\/v2\/media?parent=2935"}],"curies":[{"name":"wp","href":"https:\/\/api.w.org\/{rel}","templated":true}]}}