{"id":2932,"date":"2023-05-09T10:37:24","date_gmt":"2023-05-09T10:37:24","guid":{"rendered":"https:\/\/mireia.devel8.com\/aviso-legal\/"},"modified":"2023-08-03T11:28:57","modified_gmt":"2023-08-03T11:28:57","slug":"avis-legal","status":"publish","type":"page","link":"https:\/\/mireiavilaseca.com\/ca\/avis-legal\/","title":{"rendered":"Av\u00eds Legal"},"content":{"rendered":"\n<h1 class=\"wp-block-heading\">Av\u00eds Legal<\/h1>\n\n\n\n<p>Mireia Vilaseca Fern\u00e1ndez, amb domicili social en Carrer Sant Llu\u00eds 66, amb NIF 45482667Y, \u00e9s titular d&#8217;aquest Lloc web i ser\u00e0 denominat en aquest document com Mireia Vilaseca.<\/p>\n\n\n\n<p><strong>Objecte de la web de Mireia Vilaseca<\/strong><\/p>\n\n\n\n<p>El lloc web mireiavilaseca.com (d&#8217;ara endavant, \u201cel lloc web\u201d) ha estat dissenyat per a donar a con\u00e8ixer i permetre l&#8217;acc\u00e9s general de tots els usuaris a la informaci\u00f3, activitats, productes i serveis diversos, oferts per Mireia Vilaseca.<\/p>\n\n\n\n<p><strong>Condicions d&#8217;\u00fas<\/strong><\/p>\n\n\n\n<p>La utilitzaci\u00f3 del lloc web atribueix al navegant la condici\u00f3 d&#8217;Usuari del Lloc, la qual cosa implica la seva plena acceptaci\u00f3 de les Condicions d&#8217;\u00das en la versi\u00f3 publicada en el moment en qu\u00e8 s&#8217;accedeixi a aquest.<\/p>\n\n\n\n<p>Mireia Vilaseca podr\u00e0 alterar en qualsevol moment i sense previ av\u00eds el disseny, presentaci\u00f3 i\/o configuraci\u00f3 del lloc web, aix\u00ed com alguns o tots els continguts, i modificar les condicions generals i\/o condicions particulars requerides per a utilitzar els mateixos.<\/p>\n\n\n\n<p><strong>Propietat intel\u00b7lectual i industrial<\/strong><\/p>\n\n\n\n<p>Mireia Vilaseca ostenta els drets de propietat intel\u00b7lectual sobre els continguts (textos, documents, imatges i altres components), dissenyo gr\u00e0fic i codi del lloc web, per la qual cosa queda prohibida la reproducci\u00f3, distribuci\u00f3, comunicaci\u00f3 p\u00fablica, i transformaci\u00f3, sense l&#8217;autoritzaci\u00f3 pr\u00e8via de Mireia Vilaseca, derivant-se les responsabilitats al fet que pertoqu\u00e9s a conseq\u00fc\u00e8ncia de la vulneraci\u00f3 de les lleis de propietat intel\u00b7lectual.<\/p>\n\n\n\n<p>Igualment, tots els noms comercials, marques o signes distintius de qualsevol classe continguts en la p\u00e0gina web estan protegits per la Llei i degudament registrats a nom del seu titular, derivant-se les responsabilitats al fet que pertoqu\u00e9s a conseq\u00fc\u00e8ncia de la vulneraci\u00f3 de les lleis de propietat industrial.<\/p>\n\n\n\n<p><strong>Protecci\u00f3 de dades<\/strong><\/p>\n\n\n\n<p>Mireia Vilaseca t\u00e9 implantat un sistema per a preservar la seguretat, integritat i confidencialitat de les dades personals de l&#8217;Usuari.<\/p>\n\n\n\n<p>Per a la contractaci\u00f3 dels serveis oferts per Mireia Vilaseca, l&#8217;Usuari haur\u00e0 de proporcionar dades de car\u00e0cter personal, que seran tractats conforme al Reglament Europeu 2016\/679 de protecci\u00f3 de dades (d&#8217;ara endavant, el \u201cRGPD\u201d), aix\u00ed com a tota la normativa relativa a la protecci\u00f3 de dades de car\u00e0cter personal que es trobi vigent en el moment, el tractament i la finalitat del qual es recullen en la Pol\u00edtica de Privacitat i Cookies, que pot ser consultada a trav\u00e9s del Lloc web.<\/p>\n\n\n\n<p>Per a aix\u00f2 a m\u00e9s de complir la normativa del&nbsp;RGPD&nbsp;garanteix un \u00fas no sols legal sin\u00f3 lleial de les dades personals, aix\u00ed com un sistema adequat per a exercitar els drets d&#8217;acc\u00e9s, rectificaci\u00f3, supressi\u00f3, limitaci\u00f3 del tractament, portabilitat i oposici\u00f3. D&#8217;aquesta manera, els Usuaris podran exercitar qualsevol dels seus drets mitjan\u00e7ant escrit dirigit a Mireia Vilaseca, acreditant la seva identitat. Mireia Vilaseca posa a la disposici\u00f3 dels Usuaris informaci\u00f3 clara i completa sobre la Pol\u00edtica de Privacitat i Cookies, la qual pot ser consultada en aquest Lloc web. Aix\u00ed mateix, l&#8217;Usuari podr\u00e0 contactar amb l&#8217;Ag\u00e8ncia Espanyola de Protecci\u00f3 de Dades.<\/p>\n\n\n\n<p><strong>Pol\u00edtica de Cookies<\/strong><\/p>\n\n\n\n<p>Aix\u00f2 lloc web contenen Cookies, consulti la seva pol\u00edtica de Cookies per a ampliar informaci\u00f3 sobre aquest tema.<\/p>\n","protected":false},"excerpt":{"rendered":"<p>Av\u00eds Legal Mireia Vilaseca Fern\u00e1ndez, amb domicili social en Carrer Sant Llu\u00eds 66, amb NIF 45482667Y, \u00e9s titular d&#8217;aquest Lloc web i ser\u00e0 denominat en aquest document com Mireia Vilaseca. Objecte de la web de Mireia Vilaseca El lloc web mireiavilaseca.com (d&#8217;ara endavant, \u201cel lloc web\u201d) ha estat dissenyat per a donar a con\u00e8ixer i permetre l&#8217;acc\u00e9s general de tots&hellip;<\/p>\n","protected":false},"author":1,"featured_media":0,"parent":0,"menu_order":0,"comment_status":"closed","ping_status":"closed","template":"","meta":{"footnotes":""},"class_list":["post-2932","page","type-page","status-publish","hentry"],"yoast_head":"<!-- This site is optimized with the Yoast SEO plugin v22.6 - https:\/\/yoast.com\/wordpress\/plugins\/seo\/ -->\n<title>Av\u00eds Legal<\/title>\n<meta name=\"description\" content=\"Av\u00eds Legal\" \/>\n<meta name=\"robots\" content=\"noindex, follow\" \/>\n<meta property=\"og:locale\" content=\"ca_ES\" \/>\n<meta property=\"og:type\" content=\"article\" \/>\n<meta property=\"og:title\" content=\"Av\u00eds Legal\" \/>\n<meta property=\"og:description\" content=\"Av\u00eds Legal\" \/>\n<meta property=\"og:url\" content=\"https:\/\/mireiavilaseca.com\/aviso-legal\/\" \/>\n<meta property=\"og:site_name\" content=\"Mireia\" \/>\n<meta property=\"article:publisher\" content=\"https:\/\/www.facebook.com\/centromireiavilasecafernandez\" \/>\n<meta property=\"article:modified_time\" content=\"2023-08-03T11:28:57+00:00\" \/>\n<meta property=\"og:image\" content=\"https:\/\/mireiavilaseca.com\/wp-content\/uploads\/2023\/06\/foto_mireia-768x1024.jpg\" \/>\n\t<meta property=\"og:image:width\" content=\"768\" \/>\n\t<meta property=\"og:image:height\" content=\"1024\" \/>\n\t<meta property=\"og:image:type\" content=\"image\/jpeg\" \/>\n<meta name=\"twitter:card\" content=\"summary_large_image\" \/>\n<meta name=\"twitter:label1\" content=\"Temps estimat de lectura\" \/>\n\t<meta name=\"twitter:data1\" content=\"3 minuts\" \/>\n<script type=\"application\/ld+json\" class=\"yoast-schema-graph\">{\"@context\":\"https:\/\/schema.org\",\"@graph\":[{\"@type\":\"WebPage\",\"@id\":\"https:\/\/mireiavilaseca.com\/aviso-legal\/\",\"url\":\"https:\/\/mireiavilaseca.com\/aviso-legal\/\",\"name\":\"Av\u00eds Legal\",\"isPartOf\":{\"@id\":\"https:\/\/mireiavilaseca.com\/#website\"},\"datePublished\":\"2023-05-09T10:37:24+00:00\",\"dateModified\":\"2023-08-03T11:28:57+00:00\",\"description\":\"Av\u00eds Legal\",\"breadcrumb\":{\"@id\":\"https:\/\/mireiavilaseca.com\/aviso-legal\/#breadcrumb\"},\"inLanguage\":\"ca\",\"potentialAction\":[{\"@type\":\"ReadAction\",\"target\":[\"https:\/\/mireiavilaseca.com\/aviso-legal\/\"]}]},{\"@type\":\"BreadcrumbList\",\"@id\":\"https:\/\/mireiavilaseca.com\/aviso-legal\/#breadcrumb\",\"itemListElement\":[{\"@type\":\"ListItem\",\"position\":1,\"name\":\"Portada\",\"item\":\"https:\/\/mireiavilaseca.com\/ca\/\"},{\"@type\":\"ListItem\",\"position\":2,\"name\":\"Av\u00eds Legal\"}]},{\"@type\":\"WebSite\",\"@id\":\"https:\/\/mireiavilaseca.com\/#website\",\"url\":\"https:\/\/mireiavilaseca.com\/\",\"name\":\"Mireia Vilaseca\",\"description\":\"Mireia Vilaseca\",\"publisher\":{\"@id\":\"https:\/\/mireiavilaseca.com\/#organization\"},\"potentialAction\":[{\"@type\":\"SearchAction\",\"target\":{\"@type\":\"EntryPoint\",\"urlTemplate\":\"https:\/\/mireiavilaseca.com\/?s={search_term_string}\"},\"query-input\":\"required name=search_term_string\"}],\"inLanguage\":\"ca\"},{\"@type\":\"Organization\",\"@id\":\"https:\/\/mireiavilaseca.com\/#organization\",\"name\":\"Mireia Vilaseca\",\"url\":\"https:\/\/mireiavilaseca.com\/\",\"logo\":{\"@type\":\"ImageObject\",\"inLanguage\":\"ca\",\"@id\":\"https:\/\/mireiavilaseca.com\/#\/schema\/logo\/image\/\",\"url\":\"https:\/\/mireiavilaseca.com\/wp-content\/uploads\/2022\/03\/cropped-Mireia-Vilaseca-01.png\",\"contentUrl\":\"https:\/\/mireiavilaseca.com\/wp-content\/uploads\/2022\/03\/cropped-Mireia-Vilaseca-01.png\",\"width\":2434,\"height\":605,\"caption\":\"Mireia Vilaseca\"},\"image\":{\"@id\":\"https:\/\/mireiavilaseca.com\/#\/schema\/logo\/image\/\"},\"sameAs\":[\"https:\/\/www.facebook.com\/centromireiavilasecafernandez\",\"https:\/\/www.instagram.com\/mireia.vilaseca\/\"]}]}<\/script>\n<!-- \/ Yoast SEO plugin. -->","yoast_head_json":{"title":"Av\u00eds Legal","description":"Av\u00eds Legal","robots":{"index":"noindex","follow":"follow"},"og_locale":"ca_ES","og_type":"article","og_title":"Av\u00eds Legal","og_description":"Av\u00eds Legal","og_url":"https:\/\/mireiavilaseca.com\/aviso-legal\/","og_site_name":"Mireia","article_publisher":"https:\/\/www.facebook.com\/centromireiavilasecafernandez","article_modified_time":"2023-08-03T11:28:57+00:00","og_image":[{"width":768,"height":1024,"url":"https:\/\/mireiavilaseca.com\/wp-content\/uploads\/2023\/06\/foto_mireia-768x1024.jpg","type":"image\/jpeg"}],"twitter_card":"summary_large_image","twitter_misc":{"Temps estimat de lectura":"3 minuts"},"schema":{"@context":"https:\/\/schema.org","@graph":[{"@type":"WebPage","@id":"https:\/\/mireiavilaseca.com\/aviso-legal\/","url":"https:\/\/mireiavilaseca.com\/aviso-legal\/","name":"Av\u00eds Legal","isPartOf":{"@id":"https:\/\/mireiavilaseca.com\/#website"},"datePublished":"2023-05-09T10:37:24+00:00","dateModified":"2023-08-03T11:28:57+00:00","description":"Av\u00eds Legal","breadcrumb":{"@id":"https:\/\/mireiavilaseca.com\/aviso-legal\/#breadcrumb"},"inLanguage":"ca","potentialAction":[{"@type":"ReadAction","target":["https:\/\/mireiavilaseca.com\/aviso-legal\/"]}]},{"@type":"BreadcrumbList","@id":"https:\/\/mireiavilaseca.com\/aviso-legal\/#breadcrumb","itemListElement":[{"@type":"ListItem","position":1,"name":"Portada","item":"https:\/\/mireiavilaseca.com\/ca\/"},{"@type":"ListItem","position":2,"name":"Av\u00eds Legal"}]},{"@type":"WebSite","@id":"https:\/\/mireiavilaseca.com\/#website","url":"https:\/\/mireiavilaseca.com\/","name":"Mireia Vilaseca","description":"Mireia Vilaseca","publisher":{"@id":"https:\/\/mireiavilaseca.com\/#organization"},"potentialAction":[{"@type":"SearchAction","target":{"@type":"EntryPoint","urlTemplate":"https:\/\/mireiavilaseca.com\/?s={search_term_string}"},"query-input":"required name=search_term_string"}],"inLanguage":"ca"},{"@type":"Organization","@id":"https:\/\/mireiavilaseca.com\/#organization","name":"Mireia Vilaseca","url":"https:\/\/mireiavilaseca.com\/","logo":{"@type":"ImageObject","inLanguage":"ca","@id":"https:\/\/mireiavilaseca.com\/#\/schema\/logo\/image\/","url":"https:\/\/mireiavilaseca.com\/wp-content\/uploads\/2022\/03\/cropped-Mireia-Vilaseca-01.png","contentUrl":"https:\/\/mireiavilaseca.com\/wp-content\/uploads\/2022\/03\/cropped-Mireia-Vilaseca-01.png","width":2434,"height":605,"caption":"Mireia Vilaseca"},"image":{"@id":"https:\/\/mireiavilaseca.com\/#\/schema\/logo\/image\/"},"sameAs":["https:\/\/www.facebook.com\/centromireiavilasecafernandez","https:\/\/www.instagram.com\/mireia.vilaseca\/"]}]}},"_links":{"self":[{"href":"https:\/\/mireiavilaseca.com\/ca\/wp-json\/wp\/v2\/pages\/2932","targetHints":{"allow":["GET"]}}],"collection":[{"href":"https:\/\/mireiavilaseca.com\/ca\/wp-json\/wp\/v2\/pages"}],"about":[{"href":"https:\/\/mireiavilaseca.com\/ca\/wp-json\/wp\/v2\/types\/page"}],"author":[{"embeddable":true,"href":"https:\/\/mireiavilaseca.com\/ca\/wp-json\/wp\/v2\/users\/1"}],"replies":[{"embeddable":true,"href":"https:\/\/mireiavilaseca.com\/ca\/wp-json\/wp\/v2\/comments?post=2932"}],"version-history":[{"count":1,"href":"https:\/\/mireiavilaseca.com\/ca\/wp-json\/wp\/v2\/pages\/2932\/revisions"}],"predecessor-version":[{"id":2938,"href":"https:\/\/mireiavilaseca.com\/ca\/wp-json\/wp\/v2\/pages\/2932\/revisions\/2938"}],"wp:attachment":[{"href":"https:\/\/mireiavilaseca.com\/ca\/wp-json\/wp\/v2\/media?parent=2932"}],"curies":[{"name":"wp","href":"https:\/\/api.w.org\/{rel}","templated":true}]}}