{"id":2900,"date":"2020-02-25T13:03:34","date_gmt":"2020-02-25T13:03:34","guid":{"rendered":"https:\/\/mireia.devel8.com\/formacion-para-familias\/"},"modified":"2023-10-24T13:42:25","modified_gmt":"2023-10-24T13:42:25","slug":"formacio-per-a-families","status":"publish","type":"page","link":"https:\/\/mireiavilaseca.com\/ca\/formacio-per-a-families\/","title":{"rendered":"Formaci\u00f3 per a fam\u00edlies"},"content":{"rendered":"<div class=\"wpb-content-wrapper\"><p>[vc_row full_width=&#8221;stretch_row&#8221; css_animation=&#8221;slideInUp&#8221; hide_bg_image_on_tablet=&#8221;&#8221; hide_bg_image_on_mobile=&#8221;&#8221; row_delimiter=&#8221;&#8221; hide_on_desktop=&#8221;&#8221; hide_on_notebook=&#8221;&#8221; hide_on_tablet=&#8221;&#8221; hide_on_mobile=&#8221;&#8221; hide_on_frontpage=&#8221;&#8221; css=&#8221;.vc_custom_1698154941282{background-image: url(https:\/\/mireiavilaseca.com\/wp-content\/uploads\/2023\/06\/mujeres_terapia.jpg?id=2725) !important;background-position: top left !important;background-repeat: no-repeat !important;background-size: cover !important;}&#8221;][vc_column icons_position=&#8221;left&#8221;][vc_empty_space height=&#8221;30em&#8221; alter_height=&#8221;none&#8221; hide_on_desktop=&#8221;&#8221; hide_on_notebook=&#8221;&#8221; hide_on_tablet=&#8221;&#8221; hide_on_mobile=&#8221;&#8221;]<div id=\"sc_title_805399668\"\r\n\t\tclass=\"sc_title color_style_link2 scheme_dark sc_title_default\"><h6 class=\"sc_item_subtitle sc_title_subtitle sc_align_left sc_item_title_style_default\">Educaci\u00f3 emocional a casa<\/h6><H1 class=\"sc_item_title sc_title_title sc_align_left sc_item_title_style_default sc_item_title_tag\">FORMACI\u00d3 PER A FAM\u00cdLIES<\/H1><\/div><!-- \/.sc_title -->\r\n[vc_empty_space height=&#8221;20em&#8221; alter_height=&#8221;none&#8221; hide_on_desktop=&#8221;&#8221; hide_on_notebook=&#8221;&#8221; hide_on_tablet=&#8221;&#8221; hide_on_mobile=&#8221;&#8221;][\/vc_column][\/vc_row][vc_row full_width=&#8221;stretch_row_content&#8221; row_delimiter=&#8221;&#8221; hide_on_desktop=&#8221;&#8221; hide_on_notebook=&#8221;&#8221; hide_on_tablet=&#8221;&#8221; hide_on_mobile=&#8221;&#8221; hide_on_frontpage=&#8221;&#8221;][vc_column icons_position=&#8221;left&#8221;]<div id=\"sc_content_1096876322\"\r\n\t\tclass=\"sc_content sc_content_default sc_float_center sc_margin_medium\"><div class=\"sc_content_container\">[vc_column_text]<span style=\"font-weight: 400;\">En aquest curs els pares realitzareu un treball amb el suport respectu\u00f3s del grup (situacions similars a la que esteu vivint) que us conduir\u00e0 a alliberar creences, emocions i h\u00e0bits del passat per recon\u00e8ixer qui sou i els vostres recursos disponibles per crear solucions als bloquejos personals, de parella i familiars.<\/span><\/p>\n<p><span style=\"font-weight: 400;\">Tot aix\u00f2 mitjan\u00e7ant t\u00e8cniques l\u00fadiques, efectives i relaxants en un viatge transformador cap a l&#8217;origen de la consci\u00e8ncia del vostre potencial d&#8217;autoestima i patr\u00f3 de personalitat saludable.<\/span>[\/vc_column_text]<\/div><\/div><!-- \/.sc_content -->[vc_separator][\/vc_column][\/vc_row][vc_row full_width=&#8221;stretch_row_content&#8221; gap=&#8221;35&#8243; content_placement=&#8221;middle&#8221; css_animation=&#8221;none&#8221; row_delimiter=&#8221;&#8221; hide_on_desktop=&#8221;&#8221; hide_on_notebook=&#8221;&#8221; hide_on_tablet=&#8221;&#8221; hide_on_mobile=&#8221;&#8221; hide_on_frontpage=&#8221;&#8221;][vc_column width=&#8221;1\/2&#8243; icons_position=&#8221;left&#8221; el_class=&#8221;dev8_col-xs-12&#8243;]<div id=\"sc_content_1054925108\"\r\n\t\tclass=\"sc_content sc_content_default sc_float_center sc_margin_large\"><div class=\"sc_content_container\"><div id=\"sc_title_248677387\"\r\n\t\tclass=\"sc_title sc_title_default\"><H2 class=\"sc_item_title sc_title_title sc_align_left sc_item_title_style_default sc_item_title_tag\">Qu\u00e8 t'oferim<\/H2><\/div><!-- \/.sc_title -->\r\n[vc_empty_space height=&#8221;3.5em&#8221; alter_height=&#8221;none&#8221; hide_on_desktop=&#8221;&#8221; hide_on_notebook=&#8221;&#8221; hide_on_tablet=&#8221;&#8221; hide_on_mobile=&#8221;&#8221;][vc_column_text el_class=&#8221;bullets&#8221;]<\/p>\n<ul>\n<li style=\"font-weight: 400;\" aria-level=\"1\"><span style=\"font-weight: 400;\">Entrevista personalitzada en l\u00ednia i q\u00fcestionari de la situaci\u00f3 actual dels pares i la fam\u00edlia previ a iniciar el grup.<\/span><\/li>\n<li style=\"font-weight: 400;\" aria-level=\"1\"><span style=\"font-weight: 400;\">Acompanyament personalitzat dins l\u2019espai grupal.<\/span><\/li>\n<li style=\"font-weight: 400;\" aria-level=\"1\"><span style=\"font-weight: 400;\">Participaci\u00f3 dels vostres fills i filles o altres membres de la fam\u00edlia a qui traslladareu el vostre aprenentatge de funcionament saludable i assertiu.<\/span><\/li>\n<\/ul>\n<p>[\/vc_column_text]<\/div><\/div><!-- \/.sc_content -->[\/vc_column][vc_column width=&#8221;1\/2&#8243; icons_position=&#8221;left&#8221; el_class=&#8221;dev8_col-xs-12&#8243;][vc_single_image image=&#8221;2804&#8243; img_size=&#8221;full&#8221;][\/vc_column][\/vc_row][vc_row full_width=&#8221;stretch_row_content&#8221; gap=&#8221;35&#8243; row_delimiter=&#8221;&#8221; hide_on_desktop=&#8221;&#8221; hide_on_notebook=&#8221;&#8221; hide_on_tablet=&#8221;&#8221; hide_on_mobile=&#8221;&#8221; hide_on_frontpage=&#8221;&#8221;][vc_column icons_position=&#8221;left&#8221;][vc_separator][\/vc_column][\/vc_row][vc_row full_width=&#8221;stretch_row_content&#8221; gap=&#8221;35&#8243; row_delimiter=&#8221;&#8221; hide_on_desktop=&#8221;&#8221; hide_on_notebook=&#8221;&#8221; hide_on_tablet=&#8221;&#8221; hide_on_mobile=&#8221;&#8221; hide_on_frontpage=&#8221;&#8221;][vc_column width=&#8221;1\/2&#8243; icons_position=&#8221;left&#8221; el_class=&#8221;dev8_col-xs-12&#8243;][vc_single_image image=&#8221;2807&#8243; img_size=&#8221;1200&#215;1100&#8243;][\/vc_column][vc_column width=&#8221;1\/2&#8243; fix_column=&#8221;&#8221; hide_bg_image_on_tablet=&#8221;&#8221; hide_bg_image_on_mobile=&#8221;&#8221; icons_position=&#8221;left&#8221; el_class=&#8221;dev8_col-xs-12&#8243;]<div id=\"sc_content_223299746\"\r\n\t\tclass=\"sc_content sc_content_default sc_float_center sc_margin_large\"><div class=\"sc_content_container\">[vc_empty_space height=&#8221;4.6em&#8221; alter_height=&#8221;none&#8221; hide_on_desktop=&#8221;&#8221; hide_on_notebook=&#8221;&#8221; hide_on_tablet=&#8221;1&#8243; hide_on_mobile=&#8221;1&#8243;]<div id=\"sc_title_1862046445\"\r\n\t\tclass=\"sc_title sc_title_default dirigido\"><H2 class=\"sc_item_title sc_title_title sc_align_left sc_item_title_style_default sc_item_title_tag\">Dirigit a<\/H2><\/div><!-- \/.sc_title -->\r\n[vc_empty_space height=&#8221;1.6em&#8221; alter_height=&#8221;none&#8221; hide_on_desktop=&#8221;&#8221; hide_on_notebook=&#8221;&#8221; hide_on_tablet=&#8221;&#8221; hide_on_mobile=&#8221;&#8221;][vc_column_text]<span style=\"font-weight: 400;\">Mares i pares (parelles, monoparentals, pares adoptius\u2026) que vulguin millorar la seva relaci\u00f3 amb els fills\/es i crear un entorn familiar respectu\u00f3s i basat en l&#8217;amor i la comprensi\u00f3.<\/span>[\/vc_column_text][vc_empty_space height=&#8221;4.8em&#8221; alter_height=&#8221;none&#8221; hide_on_desktop=&#8221;&#8221; hide_on_notebook=&#8221;1&#8243; hide_on_tablet=&#8221;1&#8243; hide_on_mobile=&#8221;1&#8243;]<\/div><\/div><!-- \/.sc_content -->[\/vc_column][\/vc_row][vc_row full_width=&#8221;stretch_row_content&#8221; gap=&#8221;35&#8243; row_delimiter=&#8221;&#8221; hide_on_desktop=&#8221;&#8221; hide_on_notebook=&#8221;&#8221; hide_on_tablet=&#8221;&#8221; hide_on_mobile=&#8221;&#8221; hide_on_frontpage=&#8221;&#8221;][vc_column icons_position=&#8221;left&#8221;][vc_separator el_class=&#8221;curso_dirigido&#8221;][\/vc_column][\/vc_row][vc_row full_width=&#8221;stretch_row_content&#8221; gap=&#8221;35&#8243;][vc_column icons_position=&#8221;left&#8221;]<div id=\"sc_content_1949239319\"\r\n\t\tclass=\"sc_content sc_content_default sc_float_center sc_margin_large\"><div class=\"sc_content_container\"><div id=\"sc_title_1581825970\"\r\n\t\tclass=\"sc_title sc_title_default curso\"><H2 class=\"sc_item_title sc_title_title sc_align_left sc_item_title_style_default sc_item_title_tag\">Com \u00e9s el curs<\/H2><\/div><!-- \/.sc_title -->\r\n[vc_empty_space height=&#8221;3.3em&#8221; alter_height=&#8221;none&#8221; hide_on_desktop=&#8221;&#8221; hide_on_notebook=&#8221;&#8221; hide_on_tablet=&#8221;&#8221; hide_on_mobile=&#8221;&#8221;]<div class=\"cqlist-container \" data-isclickable=\"yes\" data-clickedicon=\"icon-check\" style=\"width:;\"><div class=\"cqlist \"><ul><li><a href=\"#\" class=\"todolist-btn\" data-icon=\"entypo-icon entypo-icon-check\"> <i class=\"cq-todolist-icon entypo-icon entypo-icon-check\" style=\"color:;\"><\/i> <\/a><span class=\"todolist-content\">Curs de 30 hores de durada, empla\u00e7ats de gener a juny.<\/span><\/li><li><a href=\"#\" class=\"todolist-btn\" data-icon=\"entypo-icon entypo-icon-check\"> <i class=\"cq-todolist-icon entypo-icon entypo-icon-check\" style=\"color:;\"><\/i> <\/a><span class=\"todolist-content\">S'alternaran sessions en l\u00ednia amb presencials en les quals les activitats del grup es podran potenciar.<\/span><\/li><\/ul><\/div><\/div>[vc_empty_space height=&#8221;9em&#8221; alter_height=&#8221;none&#8221; hide_on_desktop=&#8221;&#8221; hide_on_notebook=&#8221;&#8221; hide_on_tablet=&#8221;&#8221; hide_on_mobile=&#8221;&#8221;][vc_column_text]<\/p>\n<h5 class=\"frase\" style=\"text-align: center;\"><em>&#8220;Si com a pares creieu que el vostre paper en la vida emocional del vostre fill\/a pot ajudar-lo a ser la seva millor versi\u00f3, comptem amb vosaltres en aquest viatge apassionant!&#8221;<\/em><b><\/b><\/h5>\n<p>[\/vc_column_text]<\/div><\/div><!-- \/.sc_content -->[vc_empty_space height=&#8221;2.6em&#8221; alter_height=&#8221;none&#8221; hide_on_desktop=&#8221;&#8221; hide_on_notebook=&#8221;&#8221; hide_on_tablet=&#8221;&#8221; hide_on_mobile=&#8221;&#8221;][\/vc_column][\/vc_row][vc_row full_width=&#8221;stretch_row_content_no_spaces&#8221; css_animation=&#8221;fadeInUp&#8221;][vc_column icons_position=&#8221;left&#8221; css=&#8221;.vc_custom_1683100016806{background-color: #ecebe6 !important;}&#8221;]<div id=\"sc_content_959536010\"\r\n\t\tclass=\"sc_content sc_content_default sc_float_center sc_margin_large\"><div class=\"sc_content_container\"><div id=\"sc_title_1811003155\"\r\n\t\tclass=\"sc_title sc_title_default\"><H2 class=\"sc_item_title sc_title_title sc_align_left sc_item_title_style_default sc_item_title_tag\">Contacta<\/H2><\/div><!-- \/.sc_title -->\r\n[vc_empty_space height=&#8221;3.8em&#8221; alter_height=&#8221;none&#8221; hide_on_desktop=&#8221;&#8221; hide_on_notebook=&#8221;&#8221; hide_on_tablet=&#8221;&#8221; hide_on_mobile=&#8221;&#8221;]\n<div class=\"wpcf7 no-js\" id=\"wpcf7-f2925-o1\" lang=\"en-US\" dir=\"ltr\">\n<div class=\"screen-reader-response\"><p role=\"status\" aria-live=\"polite\" aria-atomic=\"true\"><\/p> <ul><\/ul><\/div>\n<form action=\"\/ca\/wp-json\/wp\/v2\/pages\/2900#wpcf7-f2925-o1\" method=\"post\" class=\"wpcf7-form init\" aria-label=\"Contact form\" novalidate=\"novalidate\" data-status=\"init\">\n<div style=\"display: none;\">\n<input type=\"hidden\" name=\"_wpcf7\" value=\"2925\" \/>\n<input type=\"hidden\" name=\"_wpcf7_version\" value=\"5.9.3\" \/>\n<input type=\"hidden\" name=\"_wpcf7_locale\" value=\"en_US\" \/>\n<input type=\"hidden\" name=\"_wpcf7_unit_tag\" value=\"wpcf7-f2925-o1\" \/>\n<input type=\"hidden\" name=\"_wpcf7_container_post\" value=\"0\" \/>\n<input type=\"hidden\" name=\"_wpcf7_posted_data_hash\" value=\"\" \/>\n<input type=\"hidden\" name=\"_wpcf7_recaptcha_response\" value=\"\" \/>\n<\/div>\n<div class=\"trx_addons_columns_wrap\">\n\t<div class=\"trx_addons_column-1_2\">\n\t\t<p><span class=\"wpcf7-form-control-wrap\" data-name=\"your-name\"><input size=\"40\" class=\"wpcf7-form-control wpcf7-text wpcf7-validates-as-required\" aria-required=\"true\" aria-invalid=\"false\" placeholder=\"Nom\" value=\"\" type=\"text\" name=\"your-name\" \/><\/span>\n\t\t<\/p>\n\t<\/div>\n\t<div class=\"trx_addons_column-1_2\">\n\t\t<p><span class=\"wpcf7-form-control-wrap\" data-name=\"your-email\"><input size=\"40\" class=\"wpcf7-form-control wpcf7-email wpcf7-validates-as-required wpcf7-text wpcf7-validates-as-email\" aria-required=\"true\" aria-invalid=\"false\" placeholder=\"Email\" value=\"\" type=\"email\" name=\"your-email\" \/><\/span>\n\t\t<\/p>\n\t<\/div>\n\t<div class=\"trx_addons_column-1\">\n\t\t<p><span class=\"wpcf7-form-control-wrap\" data-name=\"message\"><textarea cols=\"40\" rows=\"10\" class=\"wpcf7-form-control wpcf7-textarea wpcf7-validates-as-required\" aria-required=\"true\" aria-invalid=\"false\" placeholder=\"El teu missatge\" name=\"message\"><\/textarea><\/span>\n\t\t<\/p>\n\t<\/div>\n<\/div>\n<div class=\"trx_addons_column-1\">\n\t<p><span class=\"wpcf7-form-control-wrap\" data-name=\"acceptance-410\"><span class=\"wpcf7-form-control wpcf7-acceptance\"><span class=\"wpcf7-list-item\"><label><input type=\"checkbox\" name=\"acceptance-410\" value=\"1\" aria-invalid=\"false\" \/><span class=\"wpcf7-list-item-label\">He llegit i accepto la<a href=\"\/ca\/politica-de-privacitat\/\"  target=\"_blank\" > pol\u00edtica de privacitat. <\/a><\/span><\/label><\/span><\/span><\/span><br \/>\n<input class=\"wpcf7-form-control wpcf7-submit has-spinner\" type=\"submit\" value=\"Enviar\" \/>\n\t<\/p>\n<\/div><div class=\"wpcf7-response-output\" aria-hidden=\"true\"><\/div>\n<\/form>\n<\/div>\n<\/div><\/div><!-- \/.sc_content -->[\/vc_column][\/vc_row]<\/p>\n<\/div>","protected":false},"excerpt":{"rendered":"<p>[vc_row full_width=&#8221;stretch_row&#8221; css_animation=&#8221;slideInUp&#8221; hide_bg_image_on_tablet=&#8221;&#8221; hide_bg_image_on_mobile=&#8221;&#8221; row_delimiter=&#8221;&#8221; hide_on_desktop=&#8221;&#8221; hide_on_notebook=&#8221;&#8221; hide_on_tablet=&#8221;&#8221; hide_on_mobile=&#8221;&#8221; hide_on_frontpage=&#8221;&#8221; css=&#8221;.vc_custom_1698154941282{background-image: url(https:\/\/mireiavilaseca.com\/wp-content\/uploads\/2023\/06\/mujeres_terapia.jpg?id=2725) !important;background-position: top left !important;background-repeat: no-repeat !important;background-size: cover !important;}&#8221;][vc_column icons_position=&#8221;left&#8221;][vc_empty_space height=&#8221;30em&#8221; alter_height=&#8221;none&#8221; hide_on_desktop=&#8221;&#8221; hide_on_notebook=&#8221;&#8221; hide_on_tablet=&#8221;&#8221; hide_on_mobile=&#8221;&#8221;][vc_empty_space height=&#8221;20em&#8221; alter_height=&#8221;none&#8221; hide_on_desktop=&#8221;&#8221; hide_on_notebook=&#8221;&#8221; hide_on_tablet=&#8221;&#8221; hide_on_mobile=&#8221;&#8221;][\/vc_column][\/vc_row][vc_row full_width=&#8221;stretch_row_content&#8221; row_delimiter=&#8221;&#8221; hide_on_desktop=&#8221;&#8221; hide_on_notebook=&#8221;&#8221; hide_on_tablet=&#8221;&#8221; hide_on_mobile=&#8221;&#8221; hide_on_frontpage=&#8221;&#8221;][vc_column icons_position=&#8221;left&#8221;][vc_separator][\/vc_column][\/vc_row][vc_row full_width=&#8221;stretch_row_content&#8221; gap=&#8221;35&#8243; content_placement=&#8221;middle&#8221; css_animation=&#8221;none&#8221; row_delimiter=&#8221;&#8221; hide_on_desktop=&#8221;&#8221; hide_on_notebook=&#8221;&#8221; hide_on_tablet=&#8221;&#8221; hide_on_mobile=&#8221;&#8221; hide_on_frontpage=&#8221;&#8221;][vc_column width=&#8221;1\/2&#8243; icons_position=&#8221;left&#8221; el_class=&#8221;dev8_col-xs-12&#8243;][\/vc_column][vc_column width=&#8221;1\/2&#8243; icons_position=&#8221;left&#8221; el_class=&#8221;dev8_col-xs-12&#8243;][vc_single_image image=&#8221;2804&#8243; img_size=&#8221;full&#8221;][\/vc_column][\/vc_row][vc_row&hellip;<\/p>\n","protected":false},"author":1,"featured_media":0,"parent":0,"menu_order":0,"comment_status":"closed","ping_status":"closed","template":"","meta":{"footnotes":""},"class_list":["post-2900","page","type-page","status-publish","hentry"],"yoast_head":"<!-- This site is optimized with the Yoast SEO plugin v22.6 - https:\/\/yoast.com\/wordpress\/plugins\/seo\/ -->\n<title>Curs d&#039;Educaci\u00f3 Emocional en Fam\u00edlia - Mireia Vilaseca<\/title>\n<meta name=\"description\" content=\"Curs d&#039;Educaci\u00f3 Emocional en Fam\u00edlia on reconeixereu els vostres recursos per a crear solucions als bloquejos personals, de parella i familiars.\" \/>\n<meta name=\"robots\" content=\"index, follow, max-snippet:-1, max-image-preview:large, max-video-preview:-1\" \/>\n<link rel=\"canonical\" href=\"https:\/\/mireiavilaseca.com\/ca\/formacio-per-a-families\/\" \/>\n<meta property=\"og:locale\" content=\"ca_ES\" \/>\n<meta property=\"og:type\" content=\"article\" \/>\n<meta property=\"og:title\" content=\"Curs d&#039;Educaci\u00f3 Emocional en Fam\u00edlia - Mireia Vilaseca\" \/>\n<meta property=\"og:description\" content=\"Curs d&#039;Educaci\u00f3 Emocional en Fam\u00edlia on reconeixereu els vostres recursos per a crear solucions als bloquejos personals, de parella i familiars.\" \/>\n<meta property=\"og:url\" content=\"https:\/\/mireiavilaseca.com\/ca\/formacio-per-a-families\/\" \/>\n<meta property=\"og:site_name\" content=\"Mireia\" \/>\n<meta property=\"article:publisher\" content=\"https:\/\/www.facebook.com\/centromireiavilasecafernandez\" \/>\n<meta property=\"article:modified_time\" content=\"2023-10-24T13:42:25+00:00\" \/>\n<meta property=\"og:image\" content=\"https:\/\/mireiavilaseca.com\/wp-content\/uploads\/2023\/06\/foto_mireia-768x1024.jpg\" \/>\n\t<meta property=\"og:image:width\" content=\"768\" \/>\n\t<meta property=\"og:image:height\" content=\"1024\" \/>\n\t<meta property=\"og:image:type\" content=\"image\/jpeg\" \/>\n<meta name=\"twitter:card\" content=\"summary_large_image\" \/>\n<meta name=\"twitter:label1\" content=\"Temps estimat de lectura\" \/>\n\t<meta name=\"twitter:data1\" content=\"3 minuts\" \/>\n<script type=\"application\/ld+json\" class=\"yoast-schema-graph\">{\"@context\":\"https:\/\/schema.org\",\"@graph\":[{\"@type\":\"WebPage\",\"@id\":\"https:\/\/mireiavilaseca.com\/ca\/formacio-per-a-families\/\",\"url\":\"https:\/\/mireiavilaseca.com\/ca\/formacio-per-a-families\/\",\"name\":\"Curs d'Educaci\u00f3 Emocional en Fam\u00edlia - Mireia Vilaseca\",\"isPartOf\":{\"@id\":\"https:\/\/mireiavilaseca.com\/#website\"},\"datePublished\":\"2020-02-25T13:03:34+00:00\",\"dateModified\":\"2023-10-24T13:42:25+00:00\",\"description\":\"Curs d'Educaci\u00f3 Emocional en Fam\u00edlia on reconeixereu els vostres recursos per a crear solucions als bloquejos personals, de parella i familiars.\",\"breadcrumb\":{\"@id\":\"https:\/\/mireiavilaseca.com\/ca\/formacio-per-a-families\/#breadcrumb\"},\"inLanguage\":\"ca\",\"potentialAction\":[{\"@type\":\"ReadAction\",\"target\":[\"https:\/\/mireiavilaseca.com\/ca\/formacio-per-a-families\/\"]}]},{\"@type\":\"BreadcrumbList\",\"@id\":\"https:\/\/mireiavilaseca.com\/ca\/formacio-per-a-families\/#breadcrumb\",\"itemListElement\":[{\"@type\":\"ListItem\",\"position\":1,\"name\":\"Portada\",\"item\":\"https:\/\/mireiavilaseca.com\/ca\/\"},{\"@type\":\"ListItem\",\"position\":2,\"name\":\"Formaci\u00f3 per a fam\u00edlies\"}]},{\"@type\":\"WebSite\",\"@id\":\"https:\/\/mireiavilaseca.com\/#website\",\"url\":\"https:\/\/mireiavilaseca.com\/\",\"name\":\"Mireia Vilaseca\",\"description\":\"Mireia Vilaseca\",\"publisher\":{\"@id\":\"https:\/\/mireiavilaseca.com\/#organization\"},\"potentialAction\":[{\"@type\":\"SearchAction\",\"target\":{\"@type\":\"EntryPoint\",\"urlTemplate\":\"https:\/\/mireiavilaseca.com\/?s={search_term_string}\"},\"query-input\":\"required name=search_term_string\"}],\"inLanguage\":\"ca\"},{\"@type\":\"Organization\",\"@id\":\"https:\/\/mireiavilaseca.com\/#organization\",\"name\":\"Mireia Vilaseca\",\"url\":\"https:\/\/mireiavilaseca.com\/\",\"logo\":{\"@type\":\"ImageObject\",\"inLanguage\":\"ca\",\"@id\":\"https:\/\/mireiavilaseca.com\/#\/schema\/logo\/image\/\",\"url\":\"https:\/\/mireiavilaseca.com\/wp-content\/uploads\/2022\/03\/cropped-Mireia-Vilaseca-01.png\",\"contentUrl\":\"https:\/\/mireiavilaseca.com\/wp-content\/uploads\/2022\/03\/cropped-Mireia-Vilaseca-01.png\",\"width\":2434,\"height\":605,\"caption\":\"Mireia Vilaseca\"},\"image\":{\"@id\":\"https:\/\/mireiavilaseca.com\/#\/schema\/logo\/image\/\"},\"sameAs\":[\"https:\/\/www.facebook.com\/centromireiavilasecafernandez\",\"https:\/\/www.instagram.com\/mireia.vilaseca\/\"]}]}<\/script>\n<!-- \/ Yoast SEO plugin. -->","yoast_head_json":{"title":"Curs d'Educaci\u00f3 Emocional en Fam\u00edlia - Mireia Vilaseca","description":"Curs d'Educaci\u00f3 Emocional en Fam\u00edlia on reconeixereu els vostres recursos per a crear solucions als bloquejos personals, de parella i familiars.","robots":{"index":"index","follow":"follow","max-snippet":"max-snippet:-1","max-image-preview":"max-image-preview:large","max-video-preview":"max-video-preview:-1"},"canonical":"https:\/\/mireiavilaseca.com\/ca\/formacio-per-a-families\/","og_locale":"ca_ES","og_type":"article","og_title":"Curs d'Educaci\u00f3 Emocional en Fam\u00edlia - Mireia Vilaseca","og_description":"Curs d'Educaci\u00f3 Emocional en Fam\u00edlia on reconeixereu els vostres recursos per a crear solucions als bloquejos personals, de parella i familiars.","og_url":"https:\/\/mireiavilaseca.com\/ca\/formacio-per-a-families\/","og_site_name":"Mireia","article_publisher":"https:\/\/www.facebook.com\/centromireiavilasecafernandez","article_modified_time":"2023-10-24T13:42:25+00:00","og_image":[{"width":768,"height":1024,"url":"https:\/\/mireiavilaseca.com\/wp-content\/uploads\/2023\/06\/foto_mireia-768x1024.jpg","type":"image\/jpeg"}],"twitter_card":"summary_large_image","twitter_misc":{"Temps estimat de lectura":"3 minuts"},"schema":{"@context":"https:\/\/schema.org","@graph":[{"@type":"WebPage","@id":"https:\/\/mireiavilaseca.com\/ca\/formacio-per-a-families\/","url":"https:\/\/mireiavilaseca.com\/ca\/formacio-per-a-families\/","name":"Curs d'Educaci\u00f3 Emocional en Fam\u00edlia - Mireia Vilaseca","isPartOf":{"@id":"https:\/\/mireiavilaseca.com\/#website"},"datePublished":"2020-02-25T13:03:34+00:00","dateModified":"2023-10-24T13:42:25+00:00","description":"Curs d'Educaci\u00f3 Emocional en Fam\u00edlia on reconeixereu els vostres recursos per a crear solucions als bloquejos personals, de parella i familiars.","breadcrumb":{"@id":"https:\/\/mireiavilaseca.com\/ca\/formacio-per-a-families\/#breadcrumb"},"inLanguage":"ca","potentialAction":[{"@type":"ReadAction","target":["https:\/\/mireiavilaseca.com\/ca\/formacio-per-a-families\/"]}]},{"@type":"BreadcrumbList","@id":"https:\/\/mireiavilaseca.com\/ca\/formacio-per-a-families\/#breadcrumb","itemListElement":[{"@type":"ListItem","position":1,"name":"Portada","item":"https:\/\/mireiavilaseca.com\/ca\/"},{"@type":"ListItem","position":2,"name":"Formaci\u00f3 per a fam\u00edlies"}]},{"@type":"WebSite","@id":"https:\/\/mireiavilaseca.com\/#website","url":"https:\/\/mireiavilaseca.com\/","name":"Mireia Vilaseca","description":"Mireia Vilaseca","publisher":{"@id":"https:\/\/mireiavilaseca.com\/#organization"},"potentialAction":[{"@type":"SearchAction","target":{"@type":"EntryPoint","urlTemplate":"https:\/\/mireiavilaseca.com\/?s={search_term_string}"},"query-input":"required name=search_term_string"}],"inLanguage":"ca"},{"@type":"Organization","@id":"https:\/\/mireiavilaseca.com\/#organization","name":"Mireia Vilaseca","url":"https:\/\/mireiavilaseca.com\/","logo":{"@type":"ImageObject","inLanguage":"ca","@id":"https:\/\/mireiavilaseca.com\/#\/schema\/logo\/image\/","url":"https:\/\/mireiavilaseca.com\/wp-content\/uploads\/2022\/03\/cropped-Mireia-Vilaseca-01.png","contentUrl":"https:\/\/mireiavilaseca.com\/wp-content\/uploads\/2022\/03\/cropped-Mireia-Vilaseca-01.png","width":2434,"height":605,"caption":"Mireia Vilaseca"},"image":{"@id":"https:\/\/mireiavilaseca.com\/#\/schema\/logo\/image\/"},"sameAs":["https:\/\/www.facebook.com\/centromireiavilasecafernandez","https:\/\/www.instagram.com\/mireia.vilaseca\/"]}]}},"_links":{"self":[{"href":"https:\/\/mireiavilaseca.com\/ca\/wp-json\/wp\/v2\/pages\/2900","targetHints":{"allow":["GET"]}}],"collection":[{"href":"https:\/\/mireiavilaseca.com\/ca\/wp-json\/wp\/v2\/pages"}],"about":[{"href":"https:\/\/mireiavilaseca.com\/ca\/wp-json\/wp\/v2\/types\/page"}],"author":[{"embeddable":true,"href":"https:\/\/mireiavilaseca.com\/ca\/wp-json\/wp\/v2\/users\/1"}],"replies":[{"embeddable":true,"href":"https:\/\/mireiavilaseca.com\/ca\/wp-json\/wp\/v2\/comments?post=2900"}],"version-history":[{"count":5,"href":"https:\/\/mireiavilaseca.com\/ca\/wp-json\/wp\/v2\/pages\/2900\/revisions"}],"predecessor-version":[{"id":3028,"href":"https:\/\/mireiavilaseca.com\/ca\/wp-json\/wp\/v2\/pages\/2900\/revisions\/3028"}],"wp:attachment":[{"href":"https:\/\/mireiavilaseca.com\/ca\/wp-json\/wp\/v2\/media?parent=2900"}],"curies":[{"name":"wp","href":"https:\/\/api.w.org\/{rel}","templated":true}]}}