{"id":2895,"date":"2022-02-17T09:45:33","date_gmt":"2022-02-17T09:45:33","guid":{"rendered":"https:\/\/mireia.devel8.com\/adultos\/"},"modified":"2023-10-24T13:39:39","modified_gmt":"2023-10-24T13:39:39","slug":"adults","status":"publish","type":"page","link":"https:\/\/mireiavilaseca.com\/ca\/adults\/","title":{"rendered":"Adults"},"content":{"rendered":"<div class=\"wpb-content-wrapper\"><p>[vc_row full_width=&#8221;stretch_row&#8221; css_animation=&#8221;slideInUp&#8221; hide_bg_image_on_tablet=&#8221;&#8221; hide_bg_image_on_mobile=&#8221;&#8221; row_delimiter=&#8221;&#8221; hide_on_desktop=&#8221;&#8221; hide_on_notebook=&#8221;&#8221; hide_on_tablet=&#8221;&#8221; hide_on_mobile=&#8221;&#8221; hide_on_frontpage=&#8221;&#8221; css=&#8221;.vc_custom_1698154718785{background-image: url(https:\/\/mireiavilaseca.com\/wp-content\/uploads\/2023\/06\/mujer_feliz-scaled.jpg?id=2728) !important;background-position: center !important;background-repeat: no-repeat !important;background-size: cover !important;}&#8221;][vc_column icons_position=&#8221;left&#8221;][vc_empty_space height=&#8221;30em&#8221; alter_height=&#8221;none&#8221; hide_on_desktop=&#8221;&#8221; hide_on_notebook=&#8221;&#8221; hide_on_tablet=&#8221;&#8221; hide_on_mobile=&#8221;&#8221;]<div id=\"sc_title_554309442\"\r\n\t\tclass=\"sc_title color_style_link2 scheme_dark sc_title_default\"><h6 class=\"sc_item_subtitle sc_title_subtitle sc_align_left sc_item_title_style_default\">T'ajudem a con\u00e8ixer-te per augmentar la teva salut emocional<\/h6><H1 class=\"sc_item_title sc_title_title sc_align_left sc_item_title_style_default sc_item_title_tag\">SESSIONS PER A ADULTS<\/H1><\/div><!-- \/.sc_title -->\r\n[vc_empty_space height=&#8221;20em&#8221; alter_height=&#8221;none&#8221; hide_on_desktop=&#8221;&#8221; hide_on_notebook=&#8221;&#8221; hide_on_tablet=&#8221;&#8221; hide_on_mobile=&#8221;&#8221;][\/vc_column][\/vc_row][vc_row full_width=&#8221;stretch_row_content&#8221; gap=&#8221;35&#8243; content_placement=&#8221;middle&#8221; css_animation=&#8221;fadeIn&#8221; row_delimiter=&#8221;&#8221; hide_on_desktop=&#8221;&#8221; hide_on_notebook=&#8221;&#8221; hide_on_tablet=&#8221;&#8221; hide_on_mobile=&#8221;&#8221; hide_on_frontpage=&#8221;&#8221;][vc_column icons_position=&#8221;left&#8221;]<div id=\"sc_content_1143705192\"\r\n\t\tclass=\"sc_content sc_content_default sc_float_center sc_margin_large\"><div class=\"sc_content_container\">[vc_column_text]<span style=\"font-weight: 400;\">Trobar l&#8217;equilibri emocional \u00e9s essencial per gaudir del benestar personal i poder-se ajudar un mateix.<\/span><\/p>\n<p><span style=\"font-weight: 400;\">Mitjan\u00e7ant un proc\u00e9s d&#8217;autoconeixement aut\u00e8ntic aprendr\u00e0s a ser feli\u00e7 acceptant el passat, vivint el present i encarant el futur amb seguretat, plenitud i pau.<\/span><\/p>\n<p><span style=\"font-weight: 400;\">Potenciar\u00e0s i expandir\u00e0s les teves qualitats i coneixer\u00e0s eines pr\u00e0ctiques que podr\u00e0s compartir amb la teva fam\u00edlia, alumnes i en general totes les teves relacions per conduir-los cap al vostre benestar.<\/span>[\/vc_column_text]<\/div><\/div><!-- \/.sc_content -->[vc_separator color=&#8221;custom&#8221; accent_color=&#8221;#dbdbdb&#8221; css=&#8221;.vc_custom_1532605040889{margin-top: 4em !important;margin-bottom: 3.7em !important;}&#8221;][\/vc_column][vc_column width=&#8221;1\/2&#8243; icons_position=&#8221;left&#8221; el_class=&#8221;dev8_col-xs-12&#8243;][vc_single_image image=&#8221;2564&#8243; img_size=&#8221;full&#8221;][\/vc_column][vc_column width=&#8221;1\/2&#8243; column_align=&#8221;center&#8221; icons_position=&#8221;left&#8221; el_class=&#8221;dev8_col-xs-12&#8243;]<div id=\"sc_content_201897162\"\r\n\t\tclass=\"sc_content sc_content_default sc_float_center sc_margin_large\"><div class=\"sc_content_container\">[vc_empty_space height=&#8221;4.6em&#8221; alter_height=&#8221;none&#8221; hide_on_desktop=&#8221;1&#8243; hide_on_notebook=&#8221;1&#8243; hide_on_tablet=&#8221;1&#8243; hide_on_mobile=&#8221;&#8221;]<div id=\"sc_title_1838804944\"\r\n\t\tclass=\"sc_title sc_title_default\"><H2 class=\"sc_item_title sc_title_title sc_align_left sc_item_title_style_default sc_item_title_tag\">Si esteu vivint alguna d'aquestes situacions:<\/H2><\/div><!-- \/.sc_title -->\r\n[vc_empty_space height=&#8221;3.5em&#8221; alter_height=&#8221;none&#8221; hide_on_desktop=&#8221;&#8221; hide_on_notebook=&#8221;&#8221; hide_on_tablet=&#8221;&#8221; hide_on_mobile=&#8221;&#8221;][vc_column_text el_class=&#8221;bullets&#8221;]<\/p>\n<ul>\n<li style=\"font-weight: 400; text-align: left;\" aria-level=\"1\"><span style=\"font-weight: 400;\">Tens situacions d&#8217;estr\u00e8s emocional que t&#8217;afecten personalment i professionalment.<\/span><\/li>\n<li style=\"font-weight: 400; text-align: left;\" aria-level=\"1\"><span style=\"font-weight: 400;\">T&#8217;acompanyen pensaments negatius sobre tu o sobre el teu context personal.<\/span><\/li>\n<li style=\"font-weight: 400; text-align: left;\" aria-level=\"1\"><span style=\"font-weight: 400;\">Et falta seguretat i autoestima.<\/span><\/li>\n<\/ul>\n<p>[\/vc_column_text]<\/div><\/div><!-- \/.sc_content -->[\/vc_column][vc_column icons_position=&#8221;left&#8221;][vc_separator color=&#8221;custom&#8221; accent_color=&#8221;#dbdbdb&#8221; css=&#8221;.vc_custom_1532605040889{margin-top: 4em !important;margin-bottom: 3.7em !important;}&#8221;][\/vc_column][\/vc_row][vc_row full_width=&#8221;stretch_row_content&#8221; gap=&#8221;35&#8243; row_delimiter=&#8221;&#8221; hide_on_desktop=&#8221;&#8221; hide_on_notebook=&#8221;&#8221; hide_on_tablet=&#8221;&#8221; hide_on_mobile=&#8221;&#8221; hide_on_frontpage=&#8221;&#8221;][vc_column width=&#8221;1\/2&#8243; icons_position=&#8221;left&#8221; el_class=&#8221;dev8_col-xs-12&#8243;]<div id=\"sc_content_1268576831\"\r\n\t\tclass=\"sc_content sc_content_default sc_float_center sc_margin_large\"><div class=\"sc_content_container\">[vc_empty_space height=&#8221;4.6em&#8221; alter_height=&#8221;none&#8221; hide_on_desktop=&#8221;&#8221; hide_on_notebook=&#8221;&#8221; hide_on_tablet=&#8221;1&#8243; hide_on_mobile=&#8221;1&#8243;]<div id=\"sc_title_615144085\"\r\n\t\tclass=\"sc_title sc_title_default\"><H2 class=\"sc_item_title sc_title_title sc_align_left sc_item_title_style_default sc_item_title_tag\">Com s\u00f3n les sessions<\/H2><\/div><!-- \/.sc_title -->\r\n[vc_empty_space height=&#8221;1.6em&#8221; alter_height=&#8221;none&#8221; hide_on_desktop=&#8221;&#8221; hide_on_notebook=&#8221;&#8221; hide_on_tablet=&#8221;&#8221; hide_on_mobile=&#8221;&#8221;][vc_column_text el_class=&#8221;bullets&#8221;]<\/p>\n<ul>\n<li style=\"font-weight: 400; text-align: left;\" aria-level=\"1\"><span style=\"font-weight: 400;\">Online i presencials (opcionals en funci\u00f3 del cas).<\/span><\/li>\n<li style=\"font-weight: 400; text-align: left;\" aria-level=\"1\"><span style=\"font-weight: 400;\">Duren 1 hora.<\/span><\/li>\n<li style=\"font-weight: 400; text-align: left;\" aria-level=\"1\"><span style=\"font-weight: 400;\">Preparem i adaptem totes les sessions segons el cas particular de cadasc\u00fa i la seva evoluci\u00f3.<\/span><\/li>\n<li style=\"font-weight: 400; text-align: left;\" aria-level=\"1\"><span style=\"font-weight: 400;\">La freq\u00fc\u00e8ncia de les sessions sol ser quinzenal.<\/span><\/li>\n<li style=\"font-weight: 400; text-align: left;\" aria-level=\"1\"><span style=\"font-weight: 400;\">El nombre total de sessions dependr\u00e0 del proc\u00e9s de cada persona (en general, no s\u00f3n processos llargs).<\/span><\/li>\n<\/ul>\n<p>[\/vc_column_text][vc_empty_space height=&#8221;4.8em&#8221; alter_height=&#8221;none&#8221; hide_on_desktop=&#8221;&#8221; hide_on_notebook=&#8221;1&#8243; hide_on_tablet=&#8221;1&#8243; hide_on_mobile=&#8221;1&#8243;][vc_empty_space height=&#8221;1.8em&#8221; alter_height=&#8221;none&#8221; hide_on_desktop=&#8221;1&#8243; hide_on_notebook=&#8221;&#8221; hide_on_tablet=&#8221;&#8221; hide_on_mobile=&#8221;1&#8243;]<\/div><\/div><!-- \/.sc_content -->[\/vc_column][vc_column width=&#8221;1\/2&#8243; icons_position=&#8221;left&#8221; el_class=&#8221;dev8_col-xs-12&#8243;][vc_empty_space height=&#8221;8em&#8221; alter_height=&#8221;none&#8221; hide_on_desktop=&#8221;1&#8243; hide_on_notebook=&#8221;1&#8243; hide_on_tablet=&#8221;1&#8243; hide_on_mobile=&#8221;1&#8243;][vc_empty_space height=&#8221;4em&#8221; alter_height=&#8221;none&#8221; hide_on_desktop=&#8221;1&#8243; hide_on_notebook=&#8221;1&#8243; hide_on_tablet=&#8221;&#8221; hide_on_mobile=&#8221;1&#8243;][vc_single_image image=&#8221;2801&#8243; img_size=&#8221;full&#8221;][\/vc_column][\/vc_row][vc_row full_width=&#8221;stretch_row_content_no_spaces&#8221; gap=&#8221;35&#8243;][vc_column icons_position=&#8221;left&#8221;][vc_separator color=&#8221;custom&#8221; accent_color=&#8221;#dbdbdb&#8221; css=&#8221;.vc_custom_1532605040889{margin-top: 4em !important;margin-bottom: 3.7em !important;}&#8221;]<div id=\"sc_content_1530443462\"\r\n\t\tclass=\"sc_content sc_content_default sc_float_center sc_margin_large\"><div class=\"sc_content_container\"><div id=\"sc_title_231421669\"\r\n\t\tclass=\"sc_title sc_title_default\"><H2 class=\"sc_item_title sc_title_title sc_align_left sc_item_title_style_default sc_item_title_tag\">Quins canvis definitius viur\u00e0s en finalitzar les sessions<\/H2><\/div><!-- \/.sc_title -->\r\n[vc_empty_space height=&#8221;3.3em&#8221; alter_height=&#8221;none&#8221; hide_on_desktop=&#8221;&#8221; hide_on_notebook=&#8221;&#8221; hide_on_tablet=&#8221;&#8221; hide_on_mobile=&#8221;&#8221;]<div class=\"cqlist-container \" data-isclickable=\"yes\" data-clickedicon=\"icon-check\" style=\"width:;\"><div class=\"cqlist \"><ul><li><a href=\"#\" class=\"todolist-btn\" data-icon=\"entypo-icon entypo-icon-check\"> <i class=\"cq-todolist-icon entypo-icon entypo-icon-check\" style=\"color:;\"><\/i> <\/a><span class=\"todolist-content\">A partir d'un diagn\u00f2stic prec\u00eds entendr\u00e0s quins passos fer per superar la teva situaci\u00f3.<\/span><\/li><li><a href=\"#\" class=\"todolist-btn\" data-icon=\"entypo-icon entypo-icon-check\"> <i class=\"cq-todolist-icon entypo-icon entypo-icon-check\" style=\"color:;\"><\/i> <\/a><span class=\"todolist-content\">Una entesa m\u00e9s gran de qui ets i quins s\u00f3n els teus processos emocionals perqu\u00e8 puguis gestionar-los.<\/span><\/li><li><a href=\"#\" class=\"todolist-btn\" data-icon=\"entypo-icon entypo-icon-check\"> <i class=\"cq-todolist-icon entypo-icon entypo-icon-check\" style=\"color:;\"><\/i> <\/a><span class=\"todolist-content\">Una autoconfian\u00e7a i una autoestima m\u00e9s grans que, juntament amb eines personals, et dotaran de m\u00e9s seguretat per afrontar totes les situacions quotidianes m\u00e9s conflictives.<\/span><\/li><li><a href=\"#\" class=\"todolist-btn\" data-icon=\"entypo-icon entypo-icon-check\"> <i class=\"cq-todolist-icon entypo-icon entypo-icon-check\" style=\"color:;\"><\/i> <\/a><span class=\"todolist-content\">Uns vincles emocionals m\u00e9s sans, estables i segurs amb tots els teus \u00e9ssers estimats, comen\u00e7ant amb tu mateix\/a.<\/span><\/li><li><a href=\"#\" class=\"todolist-btn\" data-icon=\"entypo-icon entypo-icon-check\"> <i class=\"cq-todolist-icon entypo-icon entypo-icon-check\" style=\"color:;\"><\/i> <\/a><span class=\"todolist-content\">Una nova forma de relacionar-vos i viure gr\u00e0cies al nou aprenentatge.<\/span><\/li><\/ul><\/div><\/div>[vc_empty_space height=&#8221;9em&#8221; alter_height=&#8221;none&#8221; hide_on_desktop=&#8221;&#8221; hide_on_notebook=&#8221;&#8221; hide_on_tablet=&#8221;&#8221; hide_on_mobile=&#8221;&#8221;][vc_column_text]<\/p>\n<h4 class=\"frase\" style=\"text-align: center;\"><em>&#8220;Recorrerem junts el cam\u00ed cap al teu benestar emocional&#8221;<\/em><\/h4>\n<p>[\/vc_column_text]<\/div><\/div><!-- \/.sc_content -->[vc_empty_space height=&#8221;2.6em&#8221; alter_height=&#8221;none&#8221; hide_on_desktop=&#8221;&#8221; hide_on_notebook=&#8221;&#8221; hide_on_tablet=&#8221;&#8221; hide_on_mobile=&#8221;&#8221;][\/vc_column][\/vc_row][vc_row full_width=&#8221;stretch_row_content_no_spaces&#8221; css_animation=&#8221;fadeInUp&#8221;][vc_column icons_position=&#8221;left&#8221; css=&#8221;.vc_custom_1683100016806{background-color: #ecebe6 !important;}&#8221;]<div id=\"sc_content_1423509756\"\r\n\t\tclass=\"sc_content sc_content_default sc_float_center sc_margin_large\"><div class=\"sc_content_container\"><div id=\"sc_title_2122885565\"\r\n\t\tclass=\"sc_title sc_title_default\"><h2 class=\"sc_item_title sc_title_title sc_align_left sc_item_title_style_default\">Contacta<\/h2><\/div><!-- \/.sc_title -->\r\n[vc_empty_space height=&#8221;3.8em&#8221; alter_height=&#8221;none&#8221; hide_on_desktop=&#8221;&#8221; hide_on_notebook=&#8221;&#8221; hide_on_tablet=&#8221;&#8221; hide_on_mobile=&#8221;&#8221;]\n<div class=\"wpcf7 no-js\" id=\"wpcf7-f2925-o1\" lang=\"en-US\" dir=\"ltr\">\n<div class=\"screen-reader-response\"><p role=\"status\" aria-live=\"polite\" aria-atomic=\"true\"><\/p> <ul><\/ul><\/div>\n<form action=\"\/ca\/wp-json\/wp\/v2\/pages\/2895#wpcf7-f2925-o1\" method=\"post\" class=\"wpcf7-form init\" aria-label=\"Contact form\" novalidate=\"novalidate\" data-status=\"init\">\n<div style=\"display: none;\">\n<input type=\"hidden\" name=\"_wpcf7\" value=\"2925\" \/>\n<input type=\"hidden\" name=\"_wpcf7_version\" value=\"5.9.3\" \/>\n<input type=\"hidden\" name=\"_wpcf7_locale\" value=\"en_US\" \/>\n<input type=\"hidden\" name=\"_wpcf7_unit_tag\" value=\"wpcf7-f2925-o1\" \/>\n<input type=\"hidden\" name=\"_wpcf7_container_post\" value=\"0\" \/>\n<input type=\"hidden\" name=\"_wpcf7_posted_data_hash\" value=\"\" \/>\n<input type=\"hidden\" name=\"_wpcf7_recaptcha_response\" value=\"\" \/>\n<\/div>\n<div class=\"trx_addons_columns_wrap\">\n\t<div class=\"trx_addons_column-1_2\">\n\t\t<p><span class=\"wpcf7-form-control-wrap\" data-name=\"your-name\"><input size=\"40\" class=\"wpcf7-form-control wpcf7-text wpcf7-validates-as-required\" aria-required=\"true\" aria-invalid=\"false\" placeholder=\"Nom\" value=\"\" type=\"text\" name=\"your-name\" \/><\/span>\n\t\t<\/p>\n\t<\/div>\n\t<div class=\"trx_addons_column-1_2\">\n\t\t<p><span class=\"wpcf7-form-control-wrap\" data-name=\"your-email\"><input size=\"40\" class=\"wpcf7-form-control wpcf7-email wpcf7-validates-as-required wpcf7-text wpcf7-validates-as-email\" aria-required=\"true\" aria-invalid=\"false\" placeholder=\"Email\" value=\"\" type=\"email\" name=\"your-email\" \/><\/span>\n\t\t<\/p>\n\t<\/div>\n\t<div class=\"trx_addons_column-1\">\n\t\t<p><span class=\"wpcf7-form-control-wrap\" data-name=\"message\"><textarea cols=\"40\" rows=\"10\" class=\"wpcf7-form-control wpcf7-textarea wpcf7-validates-as-required\" aria-required=\"true\" aria-invalid=\"false\" placeholder=\"El teu missatge\" name=\"message\"><\/textarea><\/span>\n\t\t<\/p>\n\t<\/div>\n<\/div>\n<div class=\"trx_addons_column-1\">\n\t<p><span class=\"wpcf7-form-control-wrap\" data-name=\"acceptance-410\"><span class=\"wpcf7-form-control wpcf7-acceptance\"><span class=\"wpcf7-list-item\"><label><input type=\"checkbox\" name=\"acceptance-410\" value=\"1\" aria-invalid=\"false\" \/><span class=\"wpcf7-list-item-label\">He llegit i accepto la<a href=\"\/ca\/politica-de-privacitat\/\"  target=\"_blank\" > pol\u00edtica de privacitat. <\/a><\/span><\/label><\/span><\/span><\/span><br \/>\n<input class=\"wpcf7-form-control wpcf7-submit has-spinner\" type=\"submit\" value=\"Enviar\" \/>\n\t<\/p>\n<\/div><div class=\"wpcf7-response-output\" aria-hidden=\"true\"><\/div>\n<\/form>\n<\/div>\n<\/div><\/div><!-- \/.sc_content -->[\/vc_column][\/vc_row]<\/p>\n<\/div>","protected":false},"excerpt":{"rendered":"<p>[vc_row full_width=&#8221;stretch_row&#8221; css_animation=&#8221;slideInUp&#8221; hide_bg_image_on_tablet=&#8221;&#8221; hide_bg_image_on_mobile=&#8221;&#8221; row_delimiter=&#8221;&#8221; hide_on_desktop=&#8221;&#8221; hide_on_notebook=&#8221;&#8221; hide_on_tablet=&#8221;&#8221; hide_on_mobile=&#8221;&#8221; hide_on_frontpage=&#8221;&#8221; css=&#8221;.vc_custom_1698154718785{background-image: url(https:\/\/mireiavilaseca.com\/wp-content\/uploads\/2023\/06\/mujer_feliz-scaled.jpg?id=2728) !important;background-position: center !important;background-repeat: no-repeat !important;background-size: cover !important;}&#8221;][vc_column icons_position=&#8221;left&#8221;][vc_empty_space height=&#8221;30em&#8221; alter_height=&#8221;none&#8221; hide_on_desktop=&#8221;&#8221; hide_on_notebook=&#8221;&#8221; hide_on_tablet=&#8221;&#8221; hide_on_mobile=&#8221;&#8221;][vc_empty_space height=&#8221;20em&#8221; alter_height=&#8221;none&#8221; hide_on_desktop=&#8221;&#8221; hide_on_notebook=&#8221;&#8221; hide_on_tablet=&#8221;&#8221; hide_on_mobile=&#8221;&#8221;][\/vc_column][\/vc_row][vc_row full_width=&#8221;stretch_row_content&#8221; gap=&#8221;35&#8243; content_placement=&#8221;middle&#8221; css_animation=&#8221;fadeIn&#8221; row_delimiter=&#8221;&#8221; hide_on_desktop=&#8221;&#8221; hide_on_notebook=&#8221;&#8221; hide_on_tablet=&#8221;&#8221; hide_on_mobile=&#8221;&#8221; hide_on_frontpage=&#8221;&#8221;][vc_column icons_position=&#8221;left&#8221;][vc_separator color=&#8221;custom&#8221; accent_color=&#8221;#dbdbdb&#8221; css=&#8221;.vc_custom_1532605040889{margin-top: 4em !important;margin-bottom: 3.7em !important;}&#8221;][\/vc_column][vc_column width=&#8221;1\/2&#8243; icons_position=&#8221;left&#8221; el_class=&#8221;dev8_col-xs-12&#8243;][vc_single_image image=&#8221;2564&#8243; img_size=&#8221;full&#8221;][\/vc_column][vc_column width=&#8221;1\/2&#8243; column_align=&#8221;center&#8221; icons_position=&#8221;left&#8221; el_class=&#8221;dev8_col-xs-12&#8243;][\/vc_column][vc_column&hellip;<\/p>\n","protected":false},"author":1,"featured_media":0,"parent":0,"menu_order":0,"comment_status":"closed","ping_status":"closed","template":"","meta":{"footnotes":""},"class_list":["post-2895","page","type-page","status-publish","hentry"],"yoast_head":"<!-- This site is optimized with the Yoast SEO plugin v22.6 - https:\/\/yoast.com\/wordpress\/plugins\/seo\/ -->\n<title>Psic\u00f2loga per a Adults en Terrassa - Mireia Vilaseca<\/title>\n<meta name=\"description\" content=\"Sessions en l\u00ednia i presencials per a adults on t&#039;ajudem a con\u00e8ixer-te per a augmentar la teva salut emocional i gaudir del benestar personal.\" \/>\n<meta name=\"robots\" content=\"index, follow, max-snippet:-1, max-image-preview:large, max-video-preview:-1\" \/>\n<link rel=\"canonical\" href=\"https:\/\/mireiavilaseca.com\/ca\/adults\/\" \/>\n<meta property=\"og:locale\" content=\"ca_ES\" \/>\n<meta property=\"og:type\" content=\"article\" \/>\n<meta property=\"og:title\" content=\"Psic\u00f2loga per a Adults en Terrassa - Mireia Vilaseca\" \/>\n<meta property=\"og:description\" content=\"Sessions en l\u00ednia i presencials per a adults on t&#039;ajudem a con\u00e8ixer-te per a augmentar la teva salut emocional i gaudir del benestar personal.\" \/>\n<meta property=\"og:url\" content=\"https:\/\/mireiavilaseca.com\/ca\/adults\/\" \/>\n<meta property=\"og:site_name\" content=\"Mireia\" \/>\n<meta property=\"article:publisher\" content=\"https:\/\/www.facebook.com\/centromireiavilasecafernandez\" \/>\n<meta property=\"article:modified_time\" content=\"2023-10-24T13:39:39+00:00\" \/>\n<meta property=\"og:image\" content=\"https:\/\/mireiavilaseca.com\/wp-content\/uploads\/2023\/06\/foto_mireia-768x1024.jpg\" \/>\n\t<meta property=\"og:image:width\" content=\"768\" \/>\n\t<meta property=\"og:image:height\" content=\"1024\" \/>\n\t<meta property=\"og:image:type\" content=\"image\/jpeg\" \/>\n<meta name=\"twitter:card\" content=\"summary_large_image\" \/>\n<meta name=\"twitter:label1\" content=\"Temps estimat de lectura\" \/>\n\t<meta name=\"twitter:data1\" content=\"3 minuts\" \/>\n<script type=\"application\/ld+json\" class=\"yoast-schema-graph\">{\"@context\":\"https:\/\/schema.org\",\"@graph\":[{\"@type\":\"WebPage\",\"@id\":\"https:\/\/mireiavilaseca.com\/ca\/adults\/\",\"url\":\"https:\/\/mireiavilaseca.com\/ca\/adults\/\",\"name\":\"Psic\u00f2loga per a Adults en Terrassa - Mireia Vilaseca\",\"isPartOf\":{\"@id\":\"https:\/\/mireiavilaseca.com\/#website\"},\"datePublished\":\"2022-02-17T09:45:33+00:00\",\"dateModified\":\"2023-10-24T13:39:39+00:00\",\"description\":\"Sessions en l\u00ednia i presencials per a adults on t'ajudem a con\u00e8ixer-te per a augmentar la teva salut emocional i gaudir del benestar personal.\",\"breadcrumb\":{\"@id\":\"https:\/\/mireiavilaseca.com\/ca\/adults\/#breadcrumb\"},\"inLanguage\":\"ca\",\"potentialAction\":[{\"@type\":\"ReadAction\",\"target\":[\"https:\/\/mireiavilaseca.com\/ca\/adults\/\"]}]},{\"@type\":\"BreadcrumbList\",\"@id\":\"https:\/\/mireiavilaseca.com\/ca\/adults\/#breadcrumb\",\"itemListElement\":[{\"@type\":\"ListItem\",\"position\":1,\"name\":\"Portada\",\"item\":\"https:\/\/mireiavilaseca.com\/ca\/\"},{\"@type\":\"ListItem\",\"position\":2,\"name\":\"Adults\"}]},{\"@type\":\"WebSite\",\"@id\":\"https:\/\/mireiavilaseca.com\/#website\",\"url\":\"https:\/\/mireiavilaseca.com\/\",\"name\":\"Mireia Vilaseca\",\"description\":\"Mireia Vilaseca\",\"publisher\":{\"@id\":\"https:\/\/mireiavilaseca.com\/#organization\"},\"potentialAction\":[{\"@type\":\"SearchAction\",\"target\":{\"@type\":\"EntryPoint\",\"urlTemplate\":\"https:\/\/mireiavilaseca.com\/?s={search_term_string}\"},\"query-input\":\"required name=search_term_string\"}],\"inLanguage\":\"ca\"},{\"@type\":\"Organization\",\"@id\":\"https:\/\/mireiavilaseca.com\/#organization\",\"name\":\"Mireia Vilaseca\",\"url\":\"https:\/\/mireiavilaseca.com\/\",\"logo\":{\"@type\":\"ImageObject\",\"inLanguage\":\"ca\",\"@id\":\"https:\/\/mireiavilaseca.com\/#\/schema\/logo\/image\/\",\"url\":\"https:\/\/mireiavilaseca.com\/wp-content\/uploads\/2022\/03\/cropped-Mireia-Vilaseca-01.png\",\"contentUrl\":\"https:\/\/mireiavilaseca.com\/wp-content\/uploads\/2022\/03\/cropped-Mireia-Vilaseca-01.png\",\"width\":2434,\"height\":605,\"caption\":\"Mireia Vilaseca\"},\"image\":{\"@id\":\"https:\/\/mireiavilaseca.com\/#\/schema\/logo\/image\/\"},\"sameAs\":[\"https:\/\/www.facebook.com\/centromireiavilasecafernandez\",\"https:\/\/www.instagram.com\/mireia.vilaseca\/\"]}]}<\/script>\n<!-- \/ Yoast SEO plugin. -->","yoast_head_json":{"title":"Psic\u00f2loga per a Adults en Terrassa - Mireia Vilaseca","description":"Sessions en l\u00ednia i presencials per a adults on t'ajudem a con\u00e8ixer-te per a augmentar la teva salut emocional i gaudir del benestar personal.","robots":{"index":"index","follow":"follow","max-snippet":"max-snippet:-1","max-image-preview":"max-image-preview:large","max-video-preview":"max-video-preview:-1"},"canonical":"https:\/\/mireiavilaseca.com\/ca\/adults\/","og_locale":"ca_ES","og_type":"article","og_title":"Psic\u00f2loga per a Adults en Terrassa - Mireia Vilaseca","og_description":"Sessions en l\u00ednia i presencials per a adults on t'ajudem a con\u00e8ixer-te per a augmentar la teva salut emocional i gaudir del benestar personal.","og_url":"https:\/\/mireiavilaseca.com\/ca\/adults\/","og_site_name":"Mireia","article_publisher":"https:\/\/www.facebook.com\/centromireiavilasecafernandez","article_modified_time":"2023-10-24T13:39:39+00:00","og_image":[{"width":768,"height":1024,"url":"https:\/\/mireiavilaseca.com\/wp-content\/uploads\/2023\/06\/foto_mireia-768x1024.jpg","type":"image\/jpeg"}],"twitter_card":"summary_large_image","twitter_misc":{"Temps estimat de lectura":"3 minuts"},"schema":{"@context":"https:\/\/schema.org","@graph":[{"@type":"WebPage","@id":"https:\/\/mireiavilaseca.com\/ca\/adults\/","url":"https:\/\/mireiavilaseca.com\/ca\/adults\/","name":"Psic\u00f2loga per a Adults en Terrassa - Mireia Vilaseca","isPartOf":{"@id":"https:\/\/mireiavilaseca.com\/#website"},"datePublished":"2022-02-17T09:45:33+00:00","dateModified":"2023-10-24T13:39:39+00:00","description":"Sessions en l\u00ednia i presencials per a adults on t'ajudem a con\u00e8ixer-te per a augmentar la teva salut emocional i gaudir del benestar personal.","breadcrumb":{"@id":"https:\/\/mireiavilaseca.com\/ca\/adults\/#breadcrumb"},"inLanguage":"ca","potentialAction":[{"@type":"ReadAction","target":["https:\/\/mireiavilaseca.com\/ca\/adults\/"]}]},{"@type":"BreadcrumbList","@id":"https:\/\/mireiavilaseca.com\/ca\/adults\/#breadcrumb","itemListElement":[{"@type":"ListItem","position":1,"name":"Portada","item":"https:\/\/mireiavilaseca.com\/ca\/"},{"@type":"ListItem","position":2,"name":"Adults"}]},{"@type":"WebSite","@id":"https:\/\/mireiavilaseca.com\/#website","url":"https:\/\/mireiavilaseca.com\/","name":"Mireia Vilaseca","description":"Mireia Vilaseca","publisher":{"@id":"https:\/\/mireiavilaseca.com\/#organization"},"potentialAction":[{"@type":"SearchAction","target":{"@type":"EntryPoint","urlTemplate":"https:\/\/mireiavilaseca.com\/?s={search_term_string}"},"query-input":"required name=search_term_string"}],"inLanguage":"ca"},{"@type":"Organization","@id":"https:\/\/mireiavilaseca.com\/#organization","name":"Mireia Vilaseca","url":"https:\/\/mireiavilaseca.com\/","logo":{"@type":"ImageObject","inLanguage":"ca","@id":"https:\/\/mireiavilaseca.com\/#\/schema\/logo\/image\/","url":"https:\/\/mireiavilaseca.com\/wp-content\/uploads\/2022\/03\/cropped-Mireia-Vilaseca-01.png","contentUrl":"https:\/\/mireiavilaseca.com\/wp-content\/uploads\/2022\/03\/cropped-Mireia-Vilaseca-01.png","width":2434,"height":605,"caption":"Mireia Vilaseca"},"image":{"@id":"https:\/\/mireiavilaseca.com\/#\/schema\/logo\/image\/"},"sameAs":["https:\/\/www.facebook.com\/centromireiavilasecafernandez","https:\/\/www.instagram.com\/mireia.vilaseca\/"]}]}},"_links":{"self":[{"href":"https:\/\/mireiavilaseca.com\/ca\/wp-json\/wp\/v2\/pages\/2895","targetHints":{"allow":["GET"]}}],"collection":[{"href":"https:\/\/mireiavilaseca.com\/ca\/wp-json\/wp\/v2\/pages"}],"about":[{"href":"https:\/\/mireiavilaseca.com\/ca\/wp-json\/wp\/v2\/types\/page"}],"author":[{"embeddable":true,"href":"https:\/\/mireiavilaseca.com\/ca\/wp-json\/wp\/v2\/users\/1"}],"replies":[{"embeddable":true,"href":"https:\/\/mireiavilaseca.com\/ca\/wp-json\/wp\/v2\/comments?post=2895"}],"version-history":[{"count":7,"href":"https:\/\/mireiavilaseca.com\/ca\/wp-json\/wp\/v2\/pages\/2895\/revisions"}],"predecessor-version":[{"id":3027,"href":"https:\/\/mireiavilaseca.com\/ca\/wp-json\/wp\/v2\/pages\/2895\/revisions\/3027"}],"wp:attachment":[{"href":"https:\/\/mireiavilaseca.com\/ca\/wp-json\/wp\/v2\/media?parent=2895"}],"curies":[{"name":"wp","href":"https:\/\/api.w.org\/{rel}","templated":true}]}}