{"id":2892,"date":"2017-09-22T14:15:40","date_gmt":"2017-09-22T14:15:40","guid":{"rendered":"https:\/\/mireia.devel8.com\/contacto\/"},"modified":"2023-09-05T12:44:43","modified_gmt":"2023-09-05T12:44:43","slug":"contacte","status":"publish","type":"page","link":"https:\/\/mireiavilaseca.com\/ca\/contacte\/","title":{"rendered":"Contacte"},"content":{"rendered":"<div class=\"wpb-content-wrapper\"><p>[vc_row full_width=&#8221;stretch_row_content_no_spaces&#8221; row_delimiter=&#8221;&#8221; hide_on_desktop=&#8221;&#8221; hide_on_notebook=&#8221;&#8221; hide_on_tablet=&#8221;&#8221; hide_on_mobile=&#8221;&#8221; hide_on_frontpage=&#8221;&#8221;][vc_column width=&#8221;1\/2&#8243; icons_position=&#8221;left&#8221; css=&#8221;.vc_custom_1687862946814{background-color: #ecebe6 !important;}&#8221; el_class=&#8221;dev8_col-xs-12&#8243;][vc_empty_space height=&#8221;4.8em&#8221; alter_height=&#8221;none&#8221; hide_on_desktop=&#8221;&#8221; hide_on_notebook=&#8221;&#8221; hide_on_tablet=&#8221;&#8221; hide_on_mobile=&#8221;&#8221;]<div id=\"sc_content_351041077\"\r\n\t\tclass=\"sc_content sc_content_default sc_float_right sc_margin_large titulo_h1\"><div class=\"sc_content_container\"><div id=\"sc_title_1652391715\"\r\n\t\tclass=\"sc_title sc_title_default\"><h6 class=\"sc_item_subtitle sc_title_subtitle sc_align_left sc_item_title_style_default\">Tens alguna pregunta?<\/h6><H1 class=\"sc_item_title sc_title_title sc_align_left sc_item_title_style_default sc_item_title_tag\">Escriu-nos i et respondrem el m\u00e9s aviat possible<\/H1><\/div><!-- \/.sc_title -->\r\n[vc_empty_space height=&#8221;3.8em&#8221; alter_height=&#8221;none&#8221; hide_on_desktop=&#8221;&#8221; hide_on_notebook=&#8221;&#8221; hide_on_tablet=&#8221;&#8221; hide_on_mobile=&#8221;&#8221;]\n<div class=\"wpcf7 no-js\" id=\"wpcf7-f2925-o1\" lang=\"en-US\" dir=\"ltr\">\n<div class=\"screen-reader-response\"><p role=\"status\" aria-live=\"polite\" aria-atomic=\"true\"><\/p> <ul><\/ul><\/div>\n<form action=\"\/ca\/wp-json\/wp\/v2\/pages\/2892#wpcf7-f2925-o1\" method=\"post\" class=\"wpcf7-form init\" aria-label=\"Contact form\" novalidate=\"novalidate\" data-status=\"init\">\n<div style=\"display: none;\">\n<input type=\"hidden\" name=\"_wpcf7\" value=\"2925\" \/>\n<input type=\"hidden\" name=\"_wpcf7_version\" value=\"5.9.3\" \/>\n<input type=\"hidden\" name=\"_wpcf7_locale\" value=\"en_US\" \/>\n<input type=\"hidden\" name=\"_wpcf7_unit_tag\" value=\"wpcf7-f2925-o1\" \/>\n<input type=\"hidden\" name=\"_wpcf7_container_post\" value=\"0\" \/>\n<input type=\"hidden\" name=\"_wpcf7_posted_data_hash\" value=\"\" \/>\n<input type=\"hidden\" name=\"_wpcf7_recaptcha_response\" value=\"\" \/>\n<\/div>\n<div class=\"trx_addons_columns_wrap\">\n\t<div class=\"trx_addons_column-1_2\">\n\t\t<p><span class=\"wpcf7-form-control-wrap\" data-name=\"your-name\"><input size=\"40\" class=\"wpcf7-form-control wpcf7-text wpcf7-validates-as-required\" aria-required=\"true\" aria-invalid=\"false\" placeholder=\"Nom\" value=\"\" type=\"text\" name=\"your-name\" \/><\/span>\n\t\t<\/p>\n\t<\/div>\n\t<div class=\"trx_addons_column-1_2\">\n\t\t<p><span class=\"wpcf7-form-control-wrap\" data-name=\"your-email\"><input size=\"40\" class=\"wpcf7-form-control wpcf7-email wpcf7-validates-as-required wpcf7-text wpcf7-validates-as-email\" aria-required=\"true\" aria-invalid=\"false\" placeholder=\"Email\" value=\"\" type=\"email\" name=\"your-email\" \/><\/span>\n\t\t<\/p>\n\t<\/div>\n\t<div class=\"trx_addons_column-1\">\n\t\t<p><span class=\"wpcf7-form-control-wrap\" data-name=\"message\"><textarea cols=\"40\" rows=\"10\" class=\"wpcf7-form-control wpcf7-textarea wpcf7-validates-as-required\" aria-required=\"true\" aria-invalid=\"false\" placeholder=\"El teu missatge\" name=\"message\"><\/textarea><\/span>\n\t\t<\/p>\n\t<\/div>\n<\/div>\n<div class=\"trx_addons_column-1\">\n\t<p><span class=\"wpcf7-form-control-wrap\" data-name=\"acceptance-410\"><span class=\"wpcf7-form-control wpcf7-acceptance\"><span class=\"wpcf7-list-item\"><label><input type=\"checkbox\" name=\"acceptance-410\" value=\"1\" aria-invalid=\"false\" \/><span class=\"wpcf7-list-item-label\">He llegit i accepto la<a href=\"\/ca\/politica-de-privacitat\/\"  target=\"_blank\" > pol\u00edtica de privacitat. <\/a><\/span><\/label><\/span><\/span><\/span><br \/>\n<input class=\"wpcf7-form-control wpcf7-submit has-spinner\" type=\"submit\" value=\"Enviar\" \/>\n\t<\/p>\n<\/div><div class=\"wpcf7-response-output\" aria-hidden=\"true\"><\/div>\n<\/form>\n<\/div>\n[vc_empty_space height=&#8221;2.6em&#8221; alter_height=&#8221;none&#8221; hide_on_desktop=&#8221;&#8221; hide_on_notebook=&#8221;&#8221; hide_on_tablet=&#8221;&#8221; hide_on_mobile=&#8221;&#8221;]<\/div><\/div><!-- \/.sc_content -->[\/vc_column][vc_column width=&#8221;1\/2&#8243; icons_position=&#8221;left&#8221; el_class=&#8221;dev8_col-xs-12&#8243;]<div id=\"sc_content_282084484\"\r\n\t\tclass=\"sc_content sc_content_default sc_float_center sc_margin_large\"><div class=\"sc_content_container\">[vc_empty_space height=&#8221;4.5em&#8221; alter_height=&#8221;none&#8221; hide_on_desktop=&#8221;&#8221; hide_on_notebook=&#8221;&#8221; hide_on_tablet=&#8221;&#8221; hide_on_mobile=&#8221;&#8221;]<div id=\"sc_title_245163017\"\r\n\t\tclass=\"sc_title sc_title_default\"><h6 class=\"sc_item_subtitle sc_title_subtitle sc_align_left sc_item_title_style_default\">Contacta'ns<\/h6><H2 class=\"sc_item_title sc_title_title sc_align_left sc_item_title_style_default sc_item_title_tag\">Anem a ajudar-te<\/H2><\/div><!-- \/.sc_title -->\r\n[vc_empty_space height=&#8221;3.8em&#8221; alter_height=&#8221;none&#8221; hide_on_desktop=&#8221;&#8221; hide_on_notebook=&#8221;&#8221; hide_on_tablet=&#8221;&#8221; hide_on_mobile=&#8221;&#8221;]<div id=\"widget_contacts_1532326080\" class=\"widget_area sc_widget_contacts vc_widget_contacts wpb_content_element\"><aside id=\"widget_contacts_1532326080_widget\" class=\"widget widget_contacts\"><div class=\"contacts_wrap\"><div class=\"contacts_info\"><span class=\"contacts_address\">Carrer de Sant Llu\u00eds 66, 2\u00ba - 08224 - Terrassa (Barcelona)<\/span><span class=\"contacts_email\"><a href=\"mailto:&#105;nf&#111;&#64;mire&#105;avi&#108;a&#115;eca.&#99;om\">&#105;nf&#111;&#64;&#109;i&#114;ei&#97;v&#105;&#108;aseca&#46;com<\/a><\/span><a href=\"tel:+34637432480\" class=\"contacts_phone\">+34 637432480<\/a><\/div><\/div><!-- \/.contacts_wrap --><\/aside><\/div>[vc_empty_space height=&#8221;2.6em&#8221; alter_height=&#8221;none&#8221; hide_on_desktop=&#8221;&#8221; hide_on_notebook=&#8221;&#8221; hide_on_tablet=&#8221;&#8221; hide_on_mobile=&#8221;&#8221;]<\/div><\/div><!-- \/.sc_content -->[\/vc_column][\/vc_row][vc_row full_width=&#8221;stretch_row_content_no_spaces&#8221; hide_bg_image_on_tablet=&#8221;&#8221; hide_bg_image_on_mobile=&#8221;&#8221; row_delimiter=&#8221;&#8221; hide_on_desktop=&#8221;&#8221; hide_on_notebook=&#8221;&#8221; hide_on_tablet=&#8221;&#8221; hide_on_mobile=&#8221;&#8221; hide_on_frontpage=&#8221;&#8221;][vc_column icons_position=&#8221;left&#8221;]<div id=\"sc_googlemap_1578052432_wrap\" class=\"sc_googlemap_wrap\"><div id=\"sc_googlemap_1578052432\"\r\n\t\t\tclass=\"sc_googlemap sc_googlemap_default trx_addons_inline_1694549606\"\r\n\t\t\t\t\t\tdata-zoom=\"13\"\r\n\t\t\tdata-center=\"\"\r\n\t\t\tdata-style=\"dark\"\r\n\t\t\tdata-cluster-icon=\"\"\r\n\t\t\t><iframe\r\n\t\t\t\t\tdata-src=\"https:\/\/maps.google.com\/maps?t=m&output=embed&iwloc=near&z=13&q=Centro+de+Psicolog%C3%ADa+Integradora+Mireia+Vilaseca%2C+Carrer+de+Sant+Llu%C3%ADs%2C+66%2C+3%C2%BA%2C+08224+Terrassa%2C+Barcelona\"\r\n\t\t\t\t\taria-label=\"One\" src=\"data:image\/gif;base64,R0lGODlhAQABAAAAACH5BAEKAAEALAAAAAABAAEAAAICTAEAOw==\" class=\"lazyload\" data-load-mode=\"1\"><\/iframe><\/div><\/div><!-- \/.sc_googlemap_wrap -->[\/vc_column][\/vc_row]<\/p>\n<\/div>","protected":false},"excerpt":{"rendered":"<p>[vc_row full_width=&#8221;stretch_row_content_no_spaces&#8221; row_delimiter=&#8221;&#8221; hide_on_desktop=&#8221;&#8221; hide_on_notebook=&#8221;&#8221; hide_on_tablet=&#8221;&#8221; hide_on_mobile=&#8221;&#8221; hide_on_frontpage=&#8221;&#8221;][vc_column width=&#8221;1\/2&#8243; icons_position=&#8221;left&#8221; css=&#8221;.vc_custom_1687862946814{background-color: #ecebe6 !important;}&#8221; el_class=&#8221;dev8_col-xs-12&#8243;][vc_empty_space height=&#8221;4.8em&#8221; alter_height=&#8221;none&#8221; hide_on_desktop=&#8221;&#8221; hide_on_notebook=&#8221;&#8221; hide_on_tablet=&#8221;&#8221; hide_on_mobile=&#8221;&#8221;][\/vc_column][vc_column width=&#8221;1\/2&#8243; icons_position=&#8221;left&#8221; el_class=&#8221;dev8_col-xs-12&#8243;][\/vc_column][\/vc_row][vc_row full_width=&#8221;stretch_row_content_no_spaces&#8221; hide_bg_image_on_tablet=&#8221;&#8221; hide_bg_image_on_mobile=&#8221;&#8221; row_delimiter=&#8221;&#8221; hide_on_desktop=&#8221;&#8221; hide_on_notebook=&#8221;&#8221; hide_on_tablet=&#8221;&#8221; hide_on_mobile=&#8221;&#8221; hide_on_frontpage=&#8221;&#8221;][vc_column icons_position=&#8221;left&#8221;][\/vc_column][\/vc_row]<\/p>\n","protected":false},"author":1,"featured_media":0,"parent":0,"menu_order":0,"comment_status":"closed","ping_status":"closed","template":"","meta":{"footnotes":""},"class_list":["post-2892","page","type-page","status-publish","hentry"],"yoast_head":"<!-- This site is optimized with the Yoast SEO plugin v22.6 - https:\/\/yoast.com\/wordpress\/plugins\/seo\/ -->\n<title>Tel\u00e8fon, adre\u00e7a i contacte - Mireia Vilaseca<\/title>\n<meta name=\"description\" content=\"Contacta amb Mireia Vilaseca, psic\u00f2loga infantil, per a adults i adolescents de Terrassa mitjan\u00e7ant el m\u00e8tode PsicoEnjoy: Integrative Family.\" \/>\n<meta name=\"robots\" content=\"index, follow, max-snippet:-1, max-image-preview:large, max-video-preview:-1\" \/>\n<link rel=\"canonical\" href=\"https:\/\/mireiavilaseca.com\/contacto\/\" \/>\n<meta property=\"og:locale\" content=\"ca_ES\" \/>\n<meta property=\"og:type\" content=\"article\" \/>\n<meta property=\"og:title\" content=\"Tel\u00e8fon, adre\u00e7a i contacte - Mireia Vilaseca\" \/>\n<meta property=\"og:description\" content=\"Contacta amb Mireia Vilaseca, psic\u00f2loga infantil, per a adults i adolescents de Terrassa mitjan\u00e7ant el m\u00e8tode PsicoEnjoy: Integrative Family.\" \/>\n<meta property=\"og:url\" content=\"https:\/\/mireiavilaseca.com\/contacto\/\" \/>\n<meta property=\"og:site_name\" content=\"Mireia\" \/>\n<meta property=\"article:publisher\" content=\"https:\/\/www.facebook.com\/centromireiavilasecafernandez\" \/>\n<meta property=\"article:modified_time\" content=\"2023-09-05T12:44:43+00:00\" \/>\n<meta property=\"og:image\" content=\"https:\/\/mireiavilaseca.com\/wp-content\/uploads\/2023\/06\/foto_mireia-768x1024.jpg\" \/>\n\t<meta property=\"og:image:width\" content=\"768\" \/>\n\t<meta property=\"og:image:height\" content=\"1024\" \/>\n\t<meta property=\"og:image:type\" content=\"image\/jpeg\" \/>\n<meta name=\"twitter:card\" content=\"summary_large_image\" \/>\n<meta name=\"twitter:label1\" content=\"Temps estimat de lectura\" \/>\n\t<meta name=\"twitter:data1\" content=\"1 minut\" \/>\n<script type=\"application\/ld+json\" class=\"yoast-schema-graph\">{\"@context\":\"https:\/\/schema.org\",\"@graph\":[{\"@type\":\"WebPage\",\"@id\":\"https:\/\/mireiavilaseca.com\/contacto\/\",\"url\":\"https:\/\/mireiavilaseca.com\/contacto\/\",\"name\":\"Tel\u00e8fon, adre\u00e7a i contacte - Mireia Vilaseca\",\"isPartOf\":{\"@id\":\"https:\/\/mireiavilaseca.com\/#website\"},\"datePublished\":\"2017-09-22T14:15:40+00:00\",\"dateModified\":\"2023-09-05T12:44:43+00:00\",\"description\":\"Contacta amb Mireia Vilaseca, psic\u00f2loga infantil, per a adults i adolescents de Terrassa mitjan\u00e7ant el m\u00e8tode PsicoEnjoy: Integrative Family.\",\"breadcrumb\":{\"@id\":\"https:\/\/mireiavilaseca.com\/contacto\/#breadcrumb\"},\"inLanguage\":\"ca\",\"potentialAction\":[{\"@type\":\"ReadAction\",\"target\":[\"https:\/\/mireiavilaseca.com\/contacto\/\"]}]},{\"@type\":\"BreadcrumbList\",\"@id\":\"https:\/\/mireiavilaseca.com\/contacto\/#breadcrumb\",\"itemListElement\":[{\"@type\":\"ListItem\",\"position\":1,\"name\":\"Portada\",\"item\":\"https:\/\/mireiavilaseca.com\/ca\/\"},{\"@type\":\"ListItem\",\"position\":2,\"name\":\"Contacte\"}]},{\"@type\":\"WebSite\",\"@id\":\"https:\/\/mireiavilaseca.com\/#website\",\"url\":\"https:\/\/mireiavilaseca.com\/\",\"name\":\"Mireia Vilaseca\",\"description\":\"Mireia Vilaseca\",\"publisher\":{\"@id\":\"https:\/\/mireiavilaseca.com\/#organization\"},\"potentialAction\":[{\"@type\":\"SearchAction\",\"target\":{\"@type\":\"EntryPoint\",\"urlTemplate\":\"https:\/\/mireiavilaseca.com\/?s={search_term_string}\"},\"query-input\":\"required name=search_term_string\"}],\"inLanguage\":\"ca\"},{\"@type\":\"Organization\",\"@id\":\"https:\/\/mireiavilaseca.com\/#organization\",\"name\":\"Mireia Vilaseca\",\"url\":\"https:\/\/mireiavilaseca.com\/\",\"logo\":{\"@type\":\"ImageObject\",\"inLanguage\":\"ca\",\"@id\":\"https:\/\/mireiavilaseca.com\/#\/schema\/logo\/image\/\",\"url\":\"https:\/\/mireiavilaseca.com\/wp-content\/uploads\/2022\/03\/cropped-Mireia-Vilaseca-01.png\",\"contentUrl\":\"https:\/\/mireiavilaseca.com\/wp-content\/uploads\/2022\/03\/cropped-Mireia-Vilaseca-01.png\",\"width\":2434,\"height\":605,\"caption\":\"Mireia Vilaseca\"},\"image\":{\"@id\":\"https:\/\/mireiavilaseca.com\/#\/schema\/logo\/image\/\"},\"sameAs\":[\"https:\/\/www.facebook.com\/centromireiavilasecafernandez\",\"https:\/\/www.instagram.com\/mireia.vilaseca\/\"]}]}<\/script>\n<!-- \/ Yoast SEO plugin. -->","yoast_head_json":{"title":"Tel\u00e8fon, adre\u00e7a i contacte - Mireia Vilaseca","description":"Contacta amb Mireia Vilaseca, psic\u00f2loga infantil, per a adults i adolescents de Terrassa mitjan\u00e7ant el m\u00e8tode PsicoEnjoy: Integrative Family.","robots":{"index":"index","follow":"follow","max-snippet":"max-snippet:-1","max-image-preview":"max-image-preview:large","max-video-preview":"max-video-preview:-1"},"canonical":"https:\/\/mireiavilaseca.com\/contacto\/","og_locale":"ca_ES","og_type":"article","og_title":"Tel\u00e8fon, adre\u00e7a i contacte - Mireia Vilaseca","og_description":"Contacta amb Mireia Vilaseca, psic\u00f2loga infantil, per a adults i adolescents de Terrassa mitjan\u00e7ant el m\u00e8tode PsicoEnjoy: Integrative Family.","og_url":"https:\/\/mireiavilaseca.com\/contacto\/","og_site_name":"Mireia","article_publisher":"https:\/\/www.facebook.com\/centromireiavilasecafernandez","article_modified_time":"2023-09-05T12:44:43+00:00","og_image":[{"width":768,"height":1024,"url":"https:\/\/mireiavilaseca.com\/wp-content\/uploads\/2023\/06\/foto_mireia-768x1024.jpg","type":"image\/jpeg"}],"twitter_card":"summary_large_image","twitter_misc":{"Temps estimat de lectura":"1 minut"},"schema":{"@context":"https:\/\/schema.org","@graph":[{"@type":"WebPage","@id":"https:\/\/mireiavilaseca.com\/contacto\/","url":"https:\/\/mireiavilaseca.com\/contacto\/","name":"Tel\u00e8fon, adre\u00e7a i contacte - Mireia Vilaseca","isPartOf":{"@id":"https:\/\/mireiavilaseca.com\/#website"},"datePublished":"2017-09-22T14:15:40+00:00","dateModified":"2023-09-05T12:44:43+00:00","description":"Contacta amb Mireia Vilaseca, psic\u00f2loga infantil, per a adults i adolescents de Terrassa mitjan\u00e7ant el m\u00e8tode PsicoEnjoy: Integrative Family.","breadcrumb":{"@id":"https:\/\/mireiavilaseca.com\/contacto\/#breadcrumb"},"inLanguage":"ca","potentialAction":[{"@type":"ReadAction","target":["https:\/\/mireiavilaseca.com\/contacto\/"]}]},{"@type":"BreadcrumbList","@id":"https:\/\/mireiavilaseca.com\/contacto\/#breadcrumb","itemListElement":[{"@type":"ListItem","position":1,"name":"Portada","item":"https:\/\/mireiavilaseca.com\/ca\/"},{"@type":"ListItem","position":2,"name":"Contacte"}]},{"@type":"WebSite","@id":"https:\/\/mireiavilaseca.com\/#website","url":"https:\/\/mireiavilaseca.com\/","name":"Mireia Vilaseca","description":"Mireia Vilaseca","publisher":{"@id":"https:\/\/mireiavilaseca.com\/#organization"},"potentialAction":[{"@type":"SearchAction","target":{"@type":"EntryPoint","urlTemplate":"https:\/\/mireiavilaseca.com\/?s={search_term_string}"},"query-input":"required name=search_term_string"}],"inLanguage":"ca"},{"@type":"Organization","@id":"https:\/\/mireiavilaseca.com\/#organization","name":"Mireia Vilaseca","url":"https:\/\/mireiavilaseca.com\/","logo":{"@type":"ImageObject","inLanguage":"ca","@id":"https:\/\/mireiavilaseca.com\/#\/schema\/logo\/image\/","url":"https:\/\/mireiavilaseca.com\/wp-content\/uploads\/2022\/03\/cropped-Mireia-Vilaseca-01.png","contentUrl":"https:\/\/mireiavilaseca.com\/wp-content\/uploads\/2022\/03\/cropped-Mireia-Vilaseca-01.png","width":2434,"height":605,"caption":"Mireia Vilaseca"},"image":{"@id":"https:\/\/mireiavilaseca.com\/#\/schema\/logo\/image\/"},"sameAs":["https:\/\/www.facebook.com\/centromireiavilasecafernandez","https:\/\/www.instagram.com\/mireia.vilaseca\/"]}]}},"_links":{"self":[{"href":"https:\/\/mireiavilaseca.com\/ca\/wp-json\/wp\/v2\/pages\/2892","targetHints":{"allow":["GET"]}}],"collection":[{"href":"https:\/\/mireiavilaseca.com\/ca\/wp-json\/wp\/v2\/pages"}],"about":[{"href":"https:\/\/mireiavilaseca.com\/ca\/wp-json\/wp\/v2\/types\/page"}],"author":[{"embeddable":true,"href":"https:\/\/mireiavilaseca.com\/ca\/wp-json\/wp\/v2\/users\/1"}],"replies":[{"embeddable":true,"href":"https:\/\/mireiavilaseca.com\/ca\/wp-json\/wp\/v2\/comments?post=2892"}],"version-history":[{"count":4,"href":"https:\/\/mireiavilaseca.com\/ca\/wp-json\/wp\/v2\/pages\/2892\/revisions"}],"predecessor-version":[{"id":2893,"href":"https:\/\/mireiavilaseca.com\/ca\/wp-json\/wp\/v2\/pages\/2892\/revisions\/2893"}],"wp:attachment":[{"href":"https:\/\/mireiavilaseca.com\/ca\/wp-json\/wp\/v2\/media?parent=2892"}],"curies":[{"name":"wp","href":"https:\/\/api.w.org\/{rel}","templated":true}]}}